{"id":78,"date":"2025-04-09T15:06:39","date_gmt":"2025-04-09T13:06:39","guid":{"rendered":"https:\/\/ets-grenat.com\/?page_id=78"},"modified":"2025-11-06T20:27:44","modified_gmt":"2025-11-06T19:27:44","slug":"salles-de-bains","status":"publish","type":"page","link":"https:\/\/ets-grenat.com\/index.php\/sanitaires\/salles-de-bains\/","title":{"rendered":"Salles de bains"},"content":{"rendered":"\n<div class=\"wp-block-cover alignfull\" style=\"margin-top:0;margin-bottom:0;padding-top:0;padding-bottom:0;min-height:450px;aspect-ratio:unset;\"><img loading=\"lazy\" decoding=\"async\" width=\"1280\" height=\"1920\" class=\"wp-block-cover__image-background wp-image-103\" alt=\"\" src=\"https:\/\/ets-grenat.com\/wp-content\/uploads\/2025\/04\/bathroom-7899557_1920.jpg\" style=\"object-position:46% 62%\" data-object-fit=\"cover\" data-object-position=\"46% 62%\"\/><span aria-hidden=\"true\" class=\"wp-block-cover__background has-black-background-color has-background-dim-10 has-background-dim\"><\/span><div class=\"wp-block-cover__inner-container has-global-padding is-layout-constrained wp-container-core-cover-is-layout-6e7f18e7 wp-block-cover-is-layout-constrained\">\n<h1 class=\"wp-block-heading has-text-align-center has-text-color has-system-font-font-family\" style=\"color:#ffffff;font-size:clamp(27.894px, 1.743rem + ((1vw - 3.2px) * 2.285), 48px);font-style:normal;font-weight:800\">SALLES DE BAINS<\/h1>\n<\/div><\/div>\n\n\n\n<div style=\"height:36px\" aria-hidden=\"true\" class=\"wp-block-spacer\"><\/div>\n\n\n\n<p class=\"has-text-align-center has-text-color has-inter-font-family\" style=\"color:#154f86;padding-right:0px;font-size:clamp(14px, 0.875rem + ((1vw - 3.2px) * 0.227), 16px);\">Depuis plus de 80 ans, ETS GRENAT s\u2019est impos\u00e9 comme une r\u00e9f\u00e9rence incontournable dans l\u2019univers de la salle de bain.<\/p>\n\n\n\n<p class=\"has-text-align-center has-text-color has-inter-font-family\" style=\"color:#154f86;padding-right:0px;font-size:clamp(14px, 0.875rem + ((1vw - 3.2px) * 0.227), 16px);\">Sp\u00e9cialiste reconnu du bain et de la douche, nous proposons un large choix de solutions : douches, baignoires, lavabos, vasques, meubles de rangement sur mesure, ainsi qu\u2019une s\u00e9lection de toilettes alliant esth\u00e9tisme et qualit\u00e9.<\/p>\n\n\n\n<div class=\"wp-block-columns alignwide is-layout-flex wp-container-core-columns-is-layout-ca23dd7b wp-block-columns-is-layout-flex\" style=\"margin-top:100px;margin-bottom:70px\">\n<div class=\"wp-block-column is-layout-flow wp-block-column-is-layout-flow\" style=\"padding-top:0px;padding-right:0px;padding-bottom:0px;padding-left:0px\">\n<figure class=\"wp-block-image aligncenter size-full is-resized\"><img loading=\"lazy\" decoding=\"async\" width=\"1134\" height=\"2016\" src=\"https:\/\/ets-grenat.com\/wp-content\/uploads\/2025\/05\/image00004.jpeg\" alt=\"\" class=\"wp-image-296\" style=\"aspect-ratio:3\/4;object-fit:cover;width:370px;height:auto\"\/><\/figure>\n<\/div>\n\n\n\n<div class=\"wp-block-column is-vertically-aligned-center is-layout-flow wp-container-core-column-is-layout-3ca914a4 wp-block-column-is-layout-flow\" style=\"flex-basis:56%\">\n<h4 class=\"wp-block-heading has-text-color has-system-font-font-family\" style=\"color:#154f86;font-size:clamp(21.027px, 1.314rem + ((1vw - 3.2px) * 1.474), 34px);font-style:normal;font-weight:400;letter-spacing:-1px\">Douches et baignoires<\/h4>\n\n\n\n<p class=\"has-text-color has-inter-font-family\" style=\"color:#154f86;padding-right:120px;font-size:clamp(14px, 0.875rem + ((1vw - 3.2px) * 0.227), 16px);\">Offrez-vous un moment de d\u00e9tente gr\u00e2ce \u00e0 notre s\u00e9lection de douches modernes et de baignoires confortables.<br><br>Design, fonctionnalit\u00e9 et qualit\u00e9 sont au rendez-vous pour s\u2019adapter \u00e0 toutes vos envies. Des mod\u00e8les classiques ou sur-mesure pour une salle de bain \u00e0 votre image.<\/p>\n\n\n\n<div class=\"wp-block-buttons is-layout-flex wp-block-buttons-is-layout-flex\">\n<div class=\"wp-block-button is-style-fill\"><a class=\"wp-block-button__link has-text-color has-background has-border-color has-inter-font-family has-custom-font-size wp-element-button\" href=\"https:\/\/ets-grenat.com\/index.php\/contact\/\" style=\"border-color:#839376;border-width:1px;color:#f49819;background-color:#f599181a;padding-top:11px;padding-right:30px;padding-bottom:11px;padding-left:30px;font-size:clamp(14px, 0.875rem + ((1vw - 3.2px) * 0.227), 16px);\" target=\"_blank\" rel=\"noreferrer noopener\">Parlez avec un expert<\/a><\/div>\n<\/div>\n<\/div>\n<\/div>\n\n\n\n<div class=\"wp-block-columns alignwide is-layout-flex wp-container-core-columns-is-layout-ca23dd7b wp-block-columns-is-layout-flex\" style=\"margin-top:100px;margin-bottom:70px\">\n<div class=\"wp-block-column is-layout-flow wp-block-column-is-layout-flow\" style=\"padding-top:0px;padding-right:0px;padding-bottom:0px;padding-left:0px\">\n<figure class=\"wp-block-image aligncenter size-full is-resized\"><img loading=\"lazy\" decoding=\"async\" width=\"1920\" height=\"2904\" src=\"https:\/\/ets-grenat.com\/wp-content\/uploads\/2025\/04\/beks-mu-2tEdrFYjfMY-unsplash.jpg\" alt=\"\" class=\"wp-image-232\" style=\"aspect-ratio:3\/4;object-fit:cover;width:370px;height:auto\"\/><\/figure>\n<\/div>\n\n\n\n<div class=\"wp-block-column is-vertically-aligned-center is-layout-flow wp-container-core-column-is-layout-3ca914a4 wp-block-column-is-layout-flow\" style=\"flex-basis:56%\">\n<h4 class=\"wp-block-heading has-text-color has-system-font-font-family\" style=\"color:#154f86;font-size:clamp(21.027px, 1.314rem + ((1vw - 3.2px) * 1.474), 34px);font-style:normal;font-weight:400;letter-spacing:-1px\">Lavabos et vasques<\/h4>\n\n\n\n<p class=\"has-text-color has-inter-font-family\" style=\"color:#154f86;padding-right:120px;font-size:clamp(14px, 0.875rem + ((1vw - 3.2px) * 0.227), 16px);\">Choisissez parmi une large gamme de lavabos et vasques esth\u00e9tiques et r\u00e9sistants.<br><br>Des mat\u00e9riaux de qualit\u00e9 pour allier \u00e9l\u00e9gance et facilit\u00e9 d\u2019entretien au quotidien. Formes, dimensions et finitions vari\u00e9es pour s\u2019int\u00e9grer parfaitement \u00e0 votre espace.<\/p>\n\n\n\n<div class=\"wp-block-buttons is-layout-flex wp-block-buttons-is-layout-flex\">\n<div class=\"wp-block-button is-style-fill\"><a class=\"wp-block-button__link has-text-color has-background has-border-color has-inter-font-family has-custom-font-size wp-element-button\" href=\"https:\/\/ets-grenat.com\/index.php\/contact\/\" style=\"border-color:#839376;border-width:1px;color:#f49819;background-color:#f599181a;padding-top:11px;padding-right:30px;padding-bottom:11px;padding-left:30px;font-size:clamp(14px, 0.875rem + ((1vw - 3.2px) * 0.227), 16px);\" target=\"_blank\" rel=\"noreferrer noopener\">Parlez avec un expert<\/a><\/div>\n<\/div>\n<\/div>\n<\/div>\n\n\n\n<div class=\"wp-block-columns alignwide is-layout-flex wp-container-core-columns-is-layout-ca23dd7b wp-block-columns-is-layout-flex\" style=\"margin-top:100px;margin-bottom:70px\">\n<div class=\"wp-block-column is-layout-flow wp-block-column-is-layout-flow\" style=\"padding-top:0px;padding-right:0px;padding-bottom:0px;padding-left:0px\">\n<figure class=\"wp-block-image aligncenter size-full is-resized\"><img loading=\"lazy\" decoding=\"async\" width=\"1134\" height=\"2016\" src=\"https:\/\/ets-grenat.com\/wp-content\/uploads\/2025\/05\/image00003.jpeg\" alt=\"\" class=\"wp-image-295\" style=\"aspect-ratio:3\/4;object-fit:cover;width:370px;height:auto\"\/><\/figure>\n<\/div>\n\n\n\n<div class=\"wp-block-column is-vertically-aligned-center is-layout-flow wp-container-core-column-is-layout-3ca914a4 wp-block-column-is-layout-flow\" style=\"flex-basis:56%\">\n<h4 class=\"wp-block-heading has-text-color has-system-font-font-family\" style=\"color:#154f86;font-size:clamp(21.027px, 1.314rem + ((1vw - 3.2px) * 1.474), 34px);font-style:normal;font-weight:400;letter-spacing:-1px\">Meubles de rangements<\/h4>\n\n\n\n<p class=\"has-text-color has-inter-font-family\" style=\"color:#154f86;padding-right:120px;font-size:clamp(14px, 0.875rem + ((1vw - 3.2px) * 0.227), 16px);\">Optimisez votre salle de bain avec nos meubles de rangement fonctionnels et design.<br><br>Solutions sur-mesure, colonnes, tiroirs ou \u00e9tag\u00e8res pour tout organiser. Alliez pratique et esth\u00e9tisme pour un espace aussi beau que bien pens\u00e9.&nbsp;<\/p>\n\n\n\n<div class=\"wp-block-buttons is-layout-flex wp-block-buttons-is-layout-flex\">\n<div class=\"wp-block-button is-style-fill\"><a class=\"wp-block-button__link has-text-color has-background has-border-color has-inter-font-family has-custom-font-size wp-element-button\" href=\"https:\/\/ets-grenat.com\/index.php\/contact\/\" style=\"border-color:#839376;border-width:1px;color:#f49819;background-color:#f599181a;padding-top:11px;padding-right:30px;padding-bottom:11px;padding-left:30px;font-size:clamp(14px, 0.875rem + ((1vw - 3.2px) * 0.227), 16px);\" target=\"_blank\" rel=\"noreferrer noopener\">Parlez avec un expert<\/a><\/div>\n<\/div>\n<\/div>\n<\/div>\n\n\n\n<div class=\"wp-block-columns alignwide is-layout-flex wp-container-core-columns-is-layout-ca23dd7b wp-block-columns-is-layout-flex\" style=\"margin-top:100px;margin-bottom:70px\">\n<div class=\"wp-block-column is-layout-flow wp-block-column-is-layout-flow\" style=\"padding-top:0px;padding-right:0px;padding-bottom:0px;padding-left:0px\">\n<figure class=\"wp-block-image aligncenter size-full is-resized\"><img loading=\"lazy\" decoding=\"async\" width=\"1200\" height=\"800\" src=\"https:\/\/ets-grenat.com\/wp-content\/uploads\/2025\/11\/WC.jpeg\" alt=\"\" class=\"wp-image-543\" style=\"aspect-ratio:3\/4;object-fit:cover;width:370px;height:auto\"\/><\/figure>\n<\/div>\n\n\n\n<div class=\"wp-block-column is-vertically-aligned-center is-layout-flow wp-container-core-column-is-layout-3ca914a4 wp-block-column-is-layout-flow\" style=\"flex-basis:56%\">\n<h4 class=\"wp-block-heading has-text-color has-system-font-font-family\" style=\"color:#154f86;font-size:clamp(21.027px, 1.314rem + ((1vw - 3.2px) * 1.474), 34px);font-style:normal;font-weight:400;letter-spacing:-1px\">Toilettes<\/h4>\n\n\n\n<p class=\"has-text-color has-inter-font-family\" style=\"color:#154f86;padding-right:120px;font-size:clamp(14px, 0.875rem + ((1vw - 3.2px) * 0.227), 16px);\">Au sol, suspendus, WC lavant, choisissez parmi les diff\u00e9rents types de WC et nous nous occupons de l\u2019installation compl\u00e8te.<\/p>\n\n\n\n<div class=\"wp-block-buttons is-layout-flex wp-block-buttons-is-layout-flex\">\n<div class=\"wp-block-button is-style-fill\"><a class=\"wp-block-button__link has-text-color has-background has-border-color has-inter-font-family has-custom-font-size wp-element-button\" href=\"https:\/\/ets-grenat.com\/index.php\/contact\/\" style=\"border-color:#839376;border-width:1px;color:#f49819;background-color:#f599181a;padding-top:11px;padding-right:30px;padding-bottom:11px;padding-left:30px;font-size:clamp(14px, 0.875rem + ((1vw - 3.2px) * 0.227), 16px);\" target=\"_blank\" rel=\"noreferrer noopener\">Parlez avec un expert<\/a><\/div>\n<\/div>\n<\/div>\n<\/div>\n\n\n\n<div class=\"wp-block-columns alignwide is-layout-flex wp-container-core-columns-is-layout-ca23dd7b wp-block-columns-is-layout-flex\" style=\"margin-top:100px;margin-bottom:70px\">\n<div class=\"wp-block-column is-layout-flow wp-block-column-is-layout-flow\" style=\"padding-top:0px;padding-right:0px;padding-bottom:0px;padding-left:0px\">\n<figure class=\"wp-block-image aligncenter size-full is-resized\"><img loading=\"lazy\" decoding=\"async\" width=\"704\" height=\"944\" src=\"https:\/\/ets-grenat.com\/wp-content\/uploads\/2025\/11\/Robinetterie.jpg\" alt=\"\" class=\"wp-image-554\" style=\"aspect-ratio:3\/4;object-fit:cover;width:370px;height:auto\"\/><\/figure>\n<\/div>\n\n\n\n<div class=\"wp-block-column is-vertically-aligned-center is-layout-flow wp-container-core-column-is-layout-3ca914a4 wp-block-column-is-layout-flow\" style=\"flex-basis:56%\">\n<h4 class=\"wp-block-heading has-text-color has-system-font-font-family\" style=\"color:#154f86;font-size:clamp(21.027px, 1.314rem + ((1vw - 3.2px) * 1.474), 34px);font-style:normal;font-weight:400;letter-spacing:-1px\">Robinetterie<\/h4>\n\n\n\n<p class=\"has-text-color has-inter-font-family\" style=\"color:#154f86;padding-right:120px;font-size:clamp(14px, 0.875rem + ((1vw - 3.2px) * 0.227), 16px);\">Pour une finition moderne et pratique de votre salle de bains, optez pour une robinetterie adapt\u00e9e \u00e0 vos besoins et vos gouts, nous saurons vous conseiller.<\/p>\n\n\n\n<div class=\"wp-block-buttons is-layout-flex wp-block-buttons-is-layout-flex\">\n<div class=\"wp-block-button is-style-fill\"><a class=\"wp-block-button__link has-text-color has-background has-border-color has-inter-font-family has-custom-font-size wp-element-button\" href=\"https:\/\/ets-grenat.com\/index.php\/contact\/\" style=\"border-color:#839376;border-width:1px;color:#f49819;background-color:#f599181a;padding-top:11px;padding-right:30px;padding-bottom:11px;padding-left:30px;font-size:clamp(14px, 0.875rem + ((1vw - 3.2px) * 0.227), 16px);\" target=\"_blank\" rel=\"noreferrer noopener\">Parlez avec un expert<\/a><\/div>\n<\/div>\n<\/div>\n<\/div>\n\n\n\n<div class=\"wp-block-cover alignfull\" style=\"margin-top:0;margin-bottom:0;padding-top:60px;padding-bottom:70px\"><span aria-hidden=\"true\" class=\"wp-block-cover__background has-custom-bleu-pale-background-color has-background-dim-100 has-background-dim\"><\/span><div class=\"wp-block-cover__inner-container has-global-padding is-layout-constrained wp-container-core-cover-is-layout-b6dde979 wp-block-cover-is-layout-constrained\">\n<div class=\"wp-block-columns is-layout-flex wp-container-core-columns-is-layout-df0ecb7a wp-block-columns-is-layout-flex\" style=\"margin-top:0px;margin-bottom:0px;padding-top:0px;padding-right:0px;padding-bottom:0px;padding-left:0px\">\n<div class=\"wp-block-column is-layout-flow wp-block-column-is-layout-flow\">\n<h4 class=\"wp-block-heading has-custom-bleu-color has-text-color has-system-font-font-family\" style=\"padding-bottom:40px;font-size:clamp(21.027px, 1.314rem + ((1vw - 3.2px) * 1.474), 34px);font-style:normal;font-weight:400;letter-spacing:-1px\">Un service de qualit\u00e9<\/h4>\n\n\n\n<p class=\"has-custom-bleu-color has-text-color has-inter-font-family\" style=\"padding-bottom:30px;font-size:clamp(14px, 0.875rem + ((1vw - 3.2px) * 0.227), 16px);line-height:1.7\">Depuis plus de 80 ans, ETS GRENAT s\u2019est impos\u00e9 comme une r\u00e9f\u00e9rence dans le secteur de la salle de bains, pour du neuf comme de la r\u00e9novation.<br><br>Pour une r\u00e9novation compl\u00e8te de salle de bains, ou le remplacement d\u2019une baignoire par une douche par exemple, nous venons sur place pour vous \u00e9tablir la meilleure proposition possible en respectant les caract\u00e9ristiques et sp\u00e9cificit\u00e9s de votre int\u00e9rieur.<br><br>Contactez-nous pour un devis gratuit et rapide.<\/p>\n<\/div>\n\n\n\n<div class=\"wp-block-column is-vertically-aligned-bottom is-layout-flow wp-block-column-is-layout-flow\" style=\"flex-basis:40%\">\n<div class=\"wp-block-columns is-layout-flex wp-container-core-columns-is-layout-9c22b1e3 wp-block-columns-is-layout-flex\">\n<div class=\"wp-block-column is-layout-flow wp-block-column-is-layout-flow\">\n<div class=\"wp-block-group is-vertical is-content-justification-center is-layout-flex wp-container-core-group-is-layout-feccf9d1 wp-block-group-is-layout-flex\" style=\"margin-bottom:60px\">\n<figure class=\"wp-block-image size-full is-resized is-style-rounded\"><img loading=\"lazy\" decoding=\"async\" width=\"300\" height=\"300\" src=\"https:\/\/ets-grenat.com\/wp-content\/uploads\/2025\/04\/Vente-Bleu-1.png\" alt=\"\" class=\"wp-image-210\" style=\"width:80px\"\/><\/figure>\n\n\n\n<p class=\"has-custom-bleu-color has-text-color has-inter-font-family\" style=\"font-size:13px;font-style:normal;font-weight:400\">Vente<\/p>\n<\/div>\n\n\n\n<div class=\"wp-block-group is-vertical is-content-justification-center is-layout-flex wp-container-core-group-is-layout-0a9e916c wp-block-group-is-layout-flex\">\n<figure class=\"wp-block-image size-full is-resized is-style-rounded\"><img loading=\"lazy\" decoding=\"async\" width=\"300\" height=\"300\" src=\"https:\/\/ets-grenat.com\/wp-content\/uploads\/2025\/04\/Installation-bleu-1.png\" alt=\"\" class=\"wp-image-208\" style=\"width:80px;height:undefinedpx\"\/><\/figure>\n\n\n\n<p class=\"has-custom-bleu-color has-text-color has-inter-font-family\" style=\"font-size:13px;font-style:normal;font-weight:400\">Installation<\/p>\n<\/div>\n<\/div>\n\n\n\n<div class=\"wp-block-column is-layout-flow wp-block-column-is-layout-flow\">\n<div class=\"wp-block-group is-vertical is-content-justification-center is-layout-flex wp-container-core-group-is-layout-feccf9d1 wp-block-group-is-layout-flex\" style=\"margin-bottom:60px\">\n<figure class=\"wp-block-image size-full is-resized is-style-rounded\"><img loading=\"lazy\" decoding=\"async\" width=\"300\" height=\"300\" src=\"https:\/\/ets-grenat.com\/wp-content\/uploads\/2025\/04\/De\u0301pannage-Bleu.png\" alt=\"\" class=\"wp-image-221\" style=\"object-fit:cover;width:80px;height:undefinedpx\"\/><\/figure>\n\n\n\n<p class=\"has-custom-bleu-color has-text-color has-inter-font-family\" style=\"font-size:13px;font-style:normal;font-weight:400\">D\u00e9pannage<\/p>\n<\/div>\n\n\n\n<div class=\"wp-block-group is-vertical is-content-justification-center is-layout-flex wp-container-core-group-is-layout-0a9e916c wp-block-group-is-layout-flex\">\n<figure class=\"wp-block-image size-full is-resized is-style-rounded\"><img loading=\"lazy\" decoding=\"async\" width=\"300\" height=\"300\" src=\"https:\/\/ets-grenat.com\/wp-content\/uploads\/2025\/04\/Entretien-Bleu.png\" alt=\"\" class=\"wp-image-218\" style=\"width:80px;height:undefinedpx\"\/><\/figure>\n\n\n\n<p class=\"has-custom-bleu-color has-text-color has-inter-font-family\" style=\"font-size:13px;font-style:normal;font-weight:400\">Entretien<\/p>\n<\/div>\n<\/div>\n<\/div>\n<\/div>\n<\/div>\n<\/div><\/div>\n\n\n\n<div class=\"wp-block-cover alignfull is-light has-custom-color-2-color has-text-color\" style=\"margin-top:0;margin-bottom:0;padding-top:120px;padding-right:20px;padding-bottom:120px;padding-left:20px;min-height:50px;aspect-ratio:unset;\"><img loading=\"lazy\" decoding=\"async\" width=\"1280\" height=\"1920\" class=\"wp-block-cover__image-background wp-image-104\" alt=\"\" src=\"https:\/\/ets-grenat.com\/wp-content\/uploads\/2025\/04\/bathroom-8323836_1920.jpg\" style=\"object-position:39% 43%\" data-object-fit=\"cover\" data-object-position=\"39% 43%\"\/><span aria-hidden=\"true\" class=\"wp-block-cover__background has-white-background-color has-background-dim-80 has-background-dim\"><\/span><div class=\"wp-block-cover__inner-container has-global-padding is-layout-constrained wp-container-core-cover-is-layout-619827bf wp-block-cover-is-layout-constrained\">\n<h2 class=\"wp-block-heading has-text-align-center has-text-color has-system-font-font-family\" style=\"color:#154f86;font-size:clamp(24.034px, 1.502rem + ((1vw - 3.2px) * 1.814), 40px);font-style:normal;font-weight:400;letter-spacing:-2px;line-height:1.2\">Une demande sp\u00e9cifique ?<\/h2>\n\n\n\n<p class=\"has-text-align-center has-text-color has-inter-font-family\" style=\"color:#154f86;margin-bottom:2.5rem;font-size:clamp(14px, 0.875rem + ((1vw - 3.2px) * 0.341), 17px);font-style:normal;font-weight:400;line-height:1.9\">Contactez-nous, l\u2019\u00e9quipe ETS GRENAT se fera un plaisir de vous r\u00e9pondre et de vous accompagner.<\/p>\n\n\n\n<div class=\"wp-block-buttons is-content-justification-center is-layout-flex wp-container-core-buttons-is-layout-a89b3969 wp-block-buttons-is-layout-flex\">\n<div class=\"wp-block-button\"><a class=\"wp-block-button__link has-text-color has-background has-inter-font-family has-custom-font-size wp-element-button\" href=\"https:\/\/ets-grenat.com\/index.php\/contact\/\" style=\"border-width:1px;color:#ffffff;background-color:#f59918;padding-top:17px;padding-right:40px;padding-bottom:17px;padding-left:40px;font-size:clamp(14px, 0.875rem + ((1vw - 3.2px) * 0.227), 16px);line-height:1\" target=\"_blank\" rel=\"noreferrer noopener\">Nous contacter<\/a><\/div>\n<\/div>\n<\/div><\/div>\n","protected":false},"excerpt":{"rendered":"<p>Depuis plus de 80 ans, ETS GRENAT s\u2019est impos\u00e9 comme une r\u00e9f\u00e9rence incontournable dans l\u2019univers de la salle de bain. Sp\u00e9cialiste reconnu du bain et de la douche, nous proposons un large choix de solutions : douches, baignoires, lavabos, vasques, meubles de rangement sur mesure, ainsi qu\u2019une s\u00e9lection de toilettes alliant esth\u00e9tisme et qualit\u00e9. Douches [&hellip;]<\/p>\n","protected":false},"author":2,"featured_media":0,"parent":76,"menu_order":1,"comment_status":"closed","ping_status":"closed","template":"","meta":{"footnotes":""},"class_list":["post-78","page","type-page","status-publish","hentry"],"_links":{"self":[{"href":"https:\/\/ets-grenat.com\/index.php\/wp-json\/wp\/v2\/pages\/78","targetHints":{"allow":["GET"]}}],"collection":[{"href":"https:\/\/ets-grenat.com\/index.php\/wp-json\/wp\/v2\/pages"}],"about":[{"href":"https:\/\/ets-grenat.com\/index.php\/wp-json\/wp\/v2\/types\/page"}],"author":[{"embeddable":true,"href":"https:\/\/ets-grenat.com\/index.php\/wp-json\/wp\/v2\/users\/2"}],"replies":[{"embeddable":true,"href":"https:\/\/ets-grenat.com\/index.php\/wp-json\/wp\/v2\/comments?post=78"}],"version-history":[{"count":15,"href":"https:\/\/ets-grenat.com\/index.php\/wp-json\/wp\/v2\/pages\/78\/revisions"}],"predecessor-version":[{"id":555,"href":"https:\/\/ets-grenat.com\/index.php\/wp-json\/wp\/v2\/pages\/78\/revisions\/555"}],"up":[{"embeddable":true,"href":"https:\/\/ets-grenat.com\/index.php\/wp-json\/wp\/v2\/pages\/76"}],"wp:attachment":[{"href":"https:\/\/ets-grenat.com\/index.php\/wp-json\/wp\/v2\/media?parent=78"}],"curies":[{"name":"wp","href":"https:\/\/api.w.org\/{rel}","templated":true}]}}