{"id":72,"date":"2025-04-09T15:05:53","date_gmt":"2025-04-09T13:05:53","guid":{"rendered":"https:\/\/ets-grenat.com\/?page_id=72"},"modified":"2025-11-17T21:22:21","modified_gmt":"2025-11-17T20:22:21","slug":"climatisation","status":"publish","type":"page","link":"https:\/\/ets-grenat.com\/index.php\/solutions-thermiques\/climatisation\/","title":{"rendered":"Climatisation"},"content":{"rendered":"\n<div class=\"wp-block-cover alignfull is-light\" style=\"margin-top:0;margin-bottom:0;padding-top:0;padding-bottom:0;min-height:450px;aspect-ratio:unset;\"><img loading=\"lazy\" decoding=\"async\" width=\"1280\" height=\"768\" class=\"wp-block-cover__image-background wp-image-171\" alt=\"\" src=\"https:\/\/ets-grenat.com\/wp-content\/uploads\/2025\/04\/air-conditioner-8843842_1280.png\" style=\"object-position:52% 41%\" data-object-fit=\"cover\" data-object-position=\"52% 41%\"\/><span aria-hidden=\"true\" class=\"wp-block-cover__background has-black-background-color has-background-dim-10 has-background-dim\"><\/span><div class=\"wp-block-cover__inner-container has-global-padding is-layout-constrained wp-container-core-cover-is-layout-6e7f18e7 wp-block-cover-is-layout-constrained\">\n<h1 class=\"wp-block-heading has-text-align-center has-text-color has-system-font-font-family\" style=\"color:#ffffff;font-size:clamp(27.894px, 1.743rem + ((1vw - 3.2px) * 2.285), 48px);font-style:normal;font-weight:800\">CLIMATISATION<\/h1>\n<\/div><\/div>\n\n\n\n<div class=\"wp-block-columns alignwide is-layout-flex wp-container-core-columns-is-layout-ca23dd7b wp-block-columns-is-layout-flex\" style=\"margin-top:100px;margin-bottom:70px\">\n<div class=\"wp-block-column is-layout-flow wp-block-column-is-layout-flow\" style=\"padding-top:0px;padding-right:0px;padding-bottom:0px;padding-left:0px\">\n<figure class=\"wp-block-image aligncenter size-full is-resized\"><img loading=\"lazy\" decoding=\"async\" width=\"1097\" height=\"1280\" src=\"https:\/\/ets-grenat.com\/wp-content\/uploads\/2025\/11\/Climatisation.png\" alt=\"\" class=\"wp-image-532\" style=\"aspect-ratio:3\/4;object-fit:cover;width:370px;height:auto\"\/><\/figure>\n<\/div>\n\n\n\n<div class=\"wp-block-column is-vertically-aligned-center is-layout-flow wp-container-core-column-is-layout-3ca914a4 wp-block-column-is-layout-flow\" style=\"flex-basis:56%\">\n<h4 class=\"wp-block-heading has-text-color has-inter-font-family\" style=\"color:#154f86;font-size:clamp(21.027px, 1.314rem + ((1vw - 3.2px) * 1.474), 34px);font-style:normal;font-weight:400;letter-spacing:-1px\">Pompe \u00e0 chaleur air\/air<\/h4>\n\n\n\n<p class=\"has-text-color\" style=\"color:#154f86;padding-right:120px;font-size:clamp(14px, 0.875rem + ((1vw - 3.2px) * 0.227), 16px);\">Les pompes \u00e0 chaleur air\/air permettent de rafra\u00eechir efficacement l\u2019air int\u00e9rieur en \u00e9t\u00e9.<br><br>Elles fonctionnent en inversant le cycle de chauffage pour produire du froid \u00e0 partir de l\u2019air ext\u00e9rieur. \u00c9conomiques et r\u00e9versibles, elles assurent un confort thermique toute l\u2019ann\u00e9e avec un seul \u00e9quipement.<\/p>\n\n\n\n<div class=\"wp-block-buttons is-layout-flex wp-block-buttons-is-layout-flex\">\n<div class=\"wp-block-button is-style-fill\"><a class=\"wp-block-button__link has-text-color has-background has-border-color has-custom-font-size wp-element-button\" href=\"https:\/\/ets-grenat.com\/index.php\/contact\/\" style=\"border-color:#839376;border-width:1px;color:#f49819;background-color:#f599181a;padding-top:11px;padding-right:30px;padding-bottom:11px;padding-left:30px;font-size:clamp(14px, 0.875rem + ((1vw - 3.2px) * 0.227), 16px);\" target=\"_blank\" rel=\"noreferrer noopener\">Parlez avec un expert<\/a><\/div>\n<\/div>\n<\/div>\n<\/div>\n\n\n\n<section class=\"wp-block-group alignfull has-text-color has-background has-global-padding is-layout-constrained wp-container-core-group-is-layout-5e70687f wp-block-group-is-layout-constrained\" style=\"color:#212121;background-color:#16508712;margin-top:0rem;padding-right:1rem;padding-left:1rem;font-size:clamp(0.875rem, 0.875rem + ((1vw - 0.2rem) * 0.464), 1.13rem);font-style:normal;font-weight:400;line-height:1.5\">\n<div class=\"wp-block-group has-global-padding is-layout-constrained wp-container-core-group-is-layout-e045accc wp-block-group-is-layout-constrained\" style=\"padding-top:80px;padding-right:0rem;padding-bottom:80px;padding-left:0rem\">\n<div class=\"wp-block-columns is-not-stacked-on-mobile is-layout-flex wp-container-core-columns-is-layout-713970fd wp-block-columns-is-layout-flex\">\n<div class=\"wp-block-column has-global-padding is-layout-constrained wp-container-core-column-is-layout-579fee1f wp-block-column-is-layout-constrained\" style=\"border-right-style:none;border-right-width:0px;padding-right:1rem;padding-left:1rem\">\n<figure class=\"wp-block-image size-full\"><img loading=\"lazy\" decoding=\"async\" width=\"534\" height=\"302\" src=\"https:\/\/ets-grenat.com\/wp-content\/uploads\/2025\/11\/Daikin.png\" alt=\"\" class=\"wp-image-568\"\/><\/figure>\n\n\n\n<p class=\"has-text-align-center has-text-color has-link-color has-inter-font-family wp-elements-64edef9f16dc5fcdb1b55f1318779cc4\" style=\"color:#154f86;margin-top:0;margin-right:0;margin-bottom:0;margin-left:0;font-size:clamp(14px, 0.875rem + ((1vw - 3.2px) * 0.227), 16px);\">Daikin est un leader du march\u00e9 des technologies de chauffage, de rafraichissement, de ventilation, de purification de l\u2019air et de r\u00e9frig\u00e9ration. Leurs produits sont utilis\u00e9s dans les foyers, les entreprises et les applications industrielles du monde entier.<\/p>\n<\/div>\n<\/div>\n<\/div>\n<\/section>\n\n\n\n<div class=\"wp-block-cover alignfull is-light\" style=\"margin-top:0;margin-bottom:0;padding-top:60px;padding-bottom:70px\"><span aria-hidden=\"true\" class=\"wp-block-cover__background has-white-background-color has-background-dim-100 has-background-dim\"><\/span><div class=\"wp-block-cover__inner-container has-global-padding is-layout-constrained wp-container-core-cover-is-layout-b6dde979 wp-block-cover-is-layout-constrained\">\n<div class=\"wp-block-columns is-layout-flex wp-container-core-columns-is-layout-df0ecb7a wp-block-columns-is-layout-flex\" style=\"margin-top:0px;margin-bottom:0px;padding-top:0px;padding-right:0px;padding-bottom:0px;padding-left:0px\">\n<div class=\"wp-block-column is-layout-flow wp-block-column-is-layout-flow\">\n<h4 class=\"wp-block-heading has-custom-bleu-color has-text-color has-system-font-font-family\" style=\"padding-bottom:40px;font-size:clamp(21.027px, 1.314rem + ((1vw - 3.2px) * 1.474), 34px);font-style:normal;font-weight:400;letter-spacing:-1px\">Un service de qualit\u00e9<\/h4>\n\n\n\n<p class=\"has-custom-bleu-color has-text-color has-inter-font-family\" style=\"padding-bottom:30px;font-size:clamp(14px, 0.875rem + ((1vw - 3.2px) * 0.227), 16px);line-height:1.7\">Nous vous proposons une s\u00e9lection de marques reconnues pour leur qualit\u00e9, \u00e0 des prix comp\u00e9titifs. Notre \u00e9quipe de d\u00e9pannage r\u00e9active et exp\u00e9riment\u00e9e intervient rapidement pour r\u00e9soudre tous vos probl\u00e8mes techniques, avec efficacit\u00e9 et professionnalisme.<\/p>\n\n\n\n<p class=\"has-custom-bleu-color has-text-color has-inter-font-family\" style=\"padding-bottom:30px;font-size:clamp(14px, 0.875rem + ((1vw - 3.2px) * 0.227), 16px);line-height:1.7\">Nous assurons \u00e9galement l\u2019installation compl\u00e8te\u00a0du mat\u00e9riel que nous vous fournissons, dans le respect des normes et de vos besoins. Et pour garantir la long\u00e9vit\u00e9 de vos \u00e9quipements, nous mettons \u00e0 votre disposition un service d\u2019entretien rigoureux et de qualit\u00e9.<\/p>\n<\/div>\n\n\n\n<div class=\"wp-block-column is-vertically-aligned-bottom is-layout-flow wp-block-column-is-layout-flow\" style=\"flex-basis:40%\">\n<div class=\"wp-block-columns is-layout-flex wp-container-core-columns-is-layout-9c22b1e3 wp-block-columns-is-layout-flex\">\n<div class=\"wp-block-column is-layout-flow wp-block-column-is-layout-flow\">\n<div class=\"wp-block-group is-vertical is-content-justification-center is-layout-flex wp-container-core-group-is-layout-feccf9d1 wp-block-group-is-layout-flex\" style=\"margin-bottom:60px\">\n<figure class=\"wp-block-image size-full is-resized has-custom-border is-style-rounded\"><img loading=\"lazy\" decoding=\"async\" width=\"300\" height=\"300\" src=\"https:\/\/ets-grenat.com\/wp-content\/uploads\/2025\/04\/Vente-Orange-1.png\" alt=\"\" class=\"has-border-color has-custom-orange-border-color wp-image-211\" style=\"width:80px\"\/><\/figure>\n\n\n\n<p class=\"has-custom-bleu-color has-text-color has-inter-font-family\" style=\"font-size:13px;font-style:normal;font-weight:400\">Vente<\/p>\n<\/div>\n\n\n\n<div class=\"wp-block-group is-vertical is-content-justification-center is-layout-flex wp-container-core-group-is-layout-0a9e916c wp-block-group-is-layout-flex\">\n<figure class=\"wp-block-image size-full is-resized has-custom-border is-style-rounded\"><img loading=\"lazy\" decoding=\"async\" width=\"300\" height=\"300\" src=\"https:\/\/ets-grenat.com\/wp-content\/uploads\/2025\/04\/Installation-Orange.png\" alt=\"\" class=\"has-border-color has-custom-orange-border-color wp-image-201\" style=\"width:80px;height:undefinedpx\"\/><\/figure>\n\n\n\n<p class=\"has-custom-bleu-color has-text-color has-inter-font-family\" style=\"font-size:13px;font-style:normal;font-weight:400\">Installation<\/p>\n<\/div>\n<\/div>\n\n\n\n<div class=\"wp-block-column is-layout-flow wp-block-column-is-layout-flow\">\n<div class=\"wp-block-group is-vertical is-content-justification-center is-layout-flex wp-container-core-group-is-layout-feccf9d1 wp-block-group-is-layout-flex\" style=\"margin-bottom:60px\">\n<figure class=\"wp-block-image size-full is-resized has-custom-border is-style-rounded\"><img loading=\"lazy\" decoding=\"async\" width=\"300\" height=\"300\" src=\"https:\/\/ets-grenat.com\/wp-content\/uploads\/2025\/04\/De\u0301pannage-orange-sans-fond.png\" alt=\"\" class=\"has-border-color has-custom-orange-border-color wp-image-215\" style=\"object-fit:cover;width:80px;height:undefinedpx\"\/><\/figure>\n\n\n\n<p class=\"has-custom-bleu-color has-text-color has-inter-font-family\" style=\"font-size:13px;font-style:normal;font-weight:400\">D\u00e9pannage<\/p>\n<\/div>\n\n\n\n<div class=\"wp-block-group is-vertical is-content-justification-center is-layout-flex wp-container-core-group-is-layout-0a9e916c wp-block-group-is-layout-flex\">\n<figure class=\"wp-block-image size-full is-resized has-custom-border is-style-rounded\"><img loading=\"lazy\" decoding=\"async\" width=\"300\" height=\"300\" src=\"https:\/\/ets-grenat.com\/wp-content\/uploads\/2025\/04\/Entretien-orange-sans-fond.png\" alt=\"\" class=\"has-border-color has-custom-orange-border-color wp-image-219\" style=\"width:80px;height:undefinedpx\"\/><\/figure>\n\n\n\n<p class=\"has-custom-bleu-color has-text-color has-inter-font-family\" style=\"font-size:13px;font-style:normal;font-weight:400\">Entretien<\/p>\n<\/div>\n<\/div>\n<\/div>\n<\/div>\n<\/div>\n<\/div><\/div>\n\n\n\n<div class=\"wp-block-cover alignfull is-light has-custom-color-2-color has-text-color\" style=\"margin-top:0;margin-bottom:0;padding-top:120px;padding-right:20px;padding-bottom:120px;padding-left:20px;min-height:50px;aspect-ratio:unset;\"><img loading=\"lazy\" decoding=\"async\" width=\"1280\" height=\"1920\" class=\"wp-block-cover__image-background wp-image-104\" alt=\"\" src=\"https:\/\/ets-grenat.com\/wp-content\/uploads\/2025\/04\/bathroom-8323836_1920.jpg\" style=\"object-position:39% 43%\" data-object-fit=\"cover\" data-object-position=\"39% 43%\"\/><span aria-hidden=\"true\" class=\"wp-block-cover__background has-white-background-color has-background-dim-80 has-background-dim\"><\/span><div class=\"wp-block-cover__inner-container has-global-padding is-layout-constrained wp-container-core-cover-is-layout-619827bf wp-block-cover-is-layout-constrained\">\n<h2 class=\"wp-block-heading has-text-align-center has-text-color\" style=\"color:#154f86;font-size:clamp(24.034px, 1.502rem + ((1vw - 3.2px) * 1.814), 40px);font-style:normal;font-weight:400;letter-spacing:-2px;line-height:1.2\">Une demande sp\u00e9cifique ?<\/h2>\n\n\n\n<p class=\"has-text-align-center has-text-color\" style=\"color:#154f86;margin-bottom:2.5rem;font-size:clamp(14px, 0.875rem + ((1vw - 3.2px) * 0.341), 17px);font-style:normal;font-weight:400;line-height:1.9\">Contactez-nous, l\u2019\u00e9quipe ETS GRENAT se fera un plaisir de vous r\u00e9pondre et de vous accompagner.<\/p>\n\n\n\n<div class=\"wp-block-buttons is-content-justification-center is-layout-flex wp-container-core-buttons-is-layout-a89b3969 wp-block-buttons-is-layout-flex\">\n<div class=\"wp-block-button\"><a class=\"wp-block-button__link has-text-color has-background has-custom-font-size wp-element-button\" href=\"https:\/\/ets-grenat.com\/index.php\/contact\/\" style=\"border-width:1px;color:#ffffff;background-color:#f59918;padding-top:17px;padding-right:40px;padding-bottom:17px;padding-left:40px;font-size:clamp(14px, 0.875rem + ((1vw - 3.2px) * 0.227), 16px);line-height:1\" target=\"_blank\" rel=\"noreferrer noopener\">Nous contacter<\/a><\/div>\n<\/div>\n<\/div><\/div>\n","protected":false},"excerpt":{"rendered":"<p>Pompe \u00e0 chaleur air\/air Les pompes \u00e0 chaleur air\/air permettent de rafra\u00eechir efficacement l\u2019air int\u00e9rieur en \u00e9t\u00e9. Elles fonctionnent en inversant le cycle de chauffage pour produire du froid \u00e0 partir de l\u2019air ext\u00e9rieur. \u00c9conomiques et r\u00e9versibles, elles assurent un confort thermique toute l\u2019ann\u00e9e avec un seul \u00e9quipement. Daikin est un leader du march\u00e9 des [&hellip;]<\/p>\n","protected":false},"author":2,"featured_media":0,"parent":68,"menu_order":2,"comment_status":"closed","ping_status":"closed","template":"","meta":{"footnotes":""},"class_list":["post-72","page","type-page","status-publish","hentry"],"_links":{"self":[{"href":"https:\/\/ets-grenat.com\/index.php\/wp-json\/wp\/v2\/pages\/72","targetHints":{"allow":["GET"]}}],"collection":[{"href":"https:\/\/ets-grenat.com\/index.php\/wp-json\/wp\/v2\/pages"}],"about":[{"href":"https:\/\/ets-grenat.com\/index.php\/wp-json\/wp\/v2\/types\/page"}],"author":[{"embeddable":true,"href":"https:\/\/ets-grenat.com\/index.php\/wp-json\/wp\/v2\/users\/2"}],"replies":[{"embeddable":true,"href":"https:\/\/ets-grenat.com\/index.php\/wp-json\/wp\/v2\/comments?post=72"}],"version-history":[{"count":19,"href":"https:\/\/ets-grenat.com\/index.php\/wp-json\/wp\/v2\/pages\/72\/revisions"}],"predecessor-version":[{"id":595,"href":"https:\/\/ets-grenat.com\/index.php\/wp-json\/wp\/v2\/pages\/72\/revisions\/595"}],"up":[{"embeddable":true,"href":"https:\/\/ets-grenat.com\/index.php\/wp-json\/wp\/v2\/pages\/68"}],"wp:attachment":[{"href":"https:\/\/ets-grenat.com\/index.php\/wp-json\/wp\/v2\/media?parent=72"}],"curies":[{"name":"wp","href":"https:\/\/api.w.org\/{rel}","templated":true}]}}