{"id":70,"date":"2025-04-09T15:05:23","date_gmt":"2025-04-09T13:05:23","guid":{"rendered":"https:\/\/ets-grenat.com\/?page_id=70"},"modified":"2025-11-17T21:19:54","modified_gmt":"2025-11-17T20:19:54","slug":"chauffage","status":"publish","type":"page","link":"https:\/\/ets-grenat.com\/index.php\/solutions-thermiques\/chauffage\/","title":{"rendered":"Chauffage"},"content":{"rendered":"\n<div class=\"wp-block-cover alignfull is-light\" style=\"margin-top:0;margin-bottom:0;padding-top:0;padding-bottom:0;min-height:450px;aspect-ratio:unset;\"><img loading=\"lazy\" decoding=\"async\" width=\"1900\" height=\"1268\" class=\"wp-block-cover__image-background wp-image-47\" alt=\"\" src=\"https:\/\/ets-grenat.com\/wp-content\/uploads\/2025\/04\/Chauffage.jpg\" style=\"object-position:50% 75%\" data-object-fit=\"cover\" data-object-position=\"50% 75%\"\/><span aria-hidden=\"true\" class=\"wp-block-cover__background has-black-background-color has-background-dim-10 has-background-dim\"><\/span><div class=\"wp-block-cover__inner-container has-global-padding is-layout-constrained wp-container-core-cover-is-layout-6e7f18e7 wp-block-cover-is-layout-constrained\">\n<h1 class=\"wp-block-heading has-text-align-center has-text-color has-system-font-font-family\" style=\"color:#ffffff;font-size:clamp(27.894px, 1.743rem + ((1vw - 3.2px) * 2.285), 48px);font-style:normal;font-weight:800\">CHAUFFAGE<\/h1>\n<\/div><\/div>\n\n\n\n<div class=\"wp-block-columns alignwide is-layout-flex wp-container-core-columns-is-layout-ca23dd7b wp-block-columns-is-layout-flex\" style=\"margin-top:100px;margin-bottom:70px\">\n<div class=\"wp-block-column is-layout-flow wp-block-column-is-layout-flow\" style=\"padding-top:0px;padding-right:0px;padding-bottom:0px;padding-left:0px\">\n<figure class=\"wp-block-image aligncenter size-full is-resized\"><img loading=\"lazy\" decoding=\"async\" width=\"2487\" height=\"3456\" src=\"https:\/\/ets-grenat.com\/wp-content\/uploads\/2025\/11\/chaudiere-gaz-copie.jpeg\" alt=\"\" class=\"wp-image-546\" style=\"aspect-ratio:3\/4;object-fit:cover;width:370px;height:auto\"\/><\/figure>\n<\/div>\n\n\n\n<div class=\"wp-block-column is-vertically-aligned-center is-layout-flow wp-container-core-column-is-layout-3ca914a4 wp-block-column-is-layout-flow\" style=\"flex-basis:56%\">\n<h4 class=\"wp-block-heading has-text-color has-system-font-font-family\" style=\"color:#154f86;font-size:clamp(21.027px, 1.314rem + ((1vw - 3.2px) * 1.474), 34px);font-style:normal;font-weight:400;letter-spacing:-1px\">Chaudi\u00e8res au gaz<\/h4>\n\n\n\n<p class=\"has-text-color has-inter-font-family\" style=\"color:#154f86;padding-right:120px;font-size:clamp(14px, 0.875rem + ((1vw - 3.2px) * 0.227), 16px);\">Le syst\u00e8me de chauffage le plus utilis\u00e9 en France, appr\u00e9ci\u00e9 pour sa fiabilit\u00e9 et son efficacit\u00e9.<br><br>Il existe en plusieurs mod\u00e8les :\u00a0\u00e0 condensation, mural ou au sol. Il s&rsquo;adapte \u00e0 tous les besoins.<br>Peu encombrant, durable et offrant un excellent confort thermique, il ne demande qu\u2019un entretien annuel.<\/p>\n\n\n\n<div class=\"wp-block-buttons is-layout-flex wp-block-buttons-is-layout-flex\">\n<div class=\"wp-block-button is-style-fill\"><a class=\"wp-block-button__link has-text-color has-background has-border-color has-inter-font-family has-custom-font-size wp-element-button\" href=\"https:\/\/ets-grenat.com\/index.php\/contact\/\" style=\"border-color:#839376;border-width:1px;color:#f49819;background-color:#f599181a;padding-top:11px;padding-right:30px;padding-bottom:11px;padding-left:30px;font-size:clamp(14px, 0.875rem + ((1vw - 3.2px) * 0.227), 16px);\" target=\"_blank\" rel=\"noreferrer noopener\">Parlez avec un expert<\/a><\/div>\n<\/div>\n<\/div>\n<\/div>\n\n\n\n<div class=\"wp-block-columns alignwide is-layout-flex wp-container-core-columns-is-layout-ca23dd7b wp-block-columns-is-layout-flex\" style=\"margin-top:100px;margin-bottom:70px\">\n<div class=\"wp-block-column is-layout-flow wp-block-column-is-layout-flow\" style=\"padding-top:0px;padding-right:0px;padding-bottom:0px;padding-left:0px\">\n<figure class=\"wp-block-image aligncenter size-full is-resized\"><img loading=\"lazy\" decoding=\"async\" width=\"500\" height=\"500\" src=\"https:\/\/ets-grenat.com\/wp-content\/uploads\/2025\/11\/Chaudie\u0300re-Fioul.jpg\" alt=\"\" class=\"wp-image-530\" style=\"aspect-ratio:3\/4;object-fit:cover;width:370px;height:auto\"\/><\/figure>\n<\/div>\n\n\n\n<div class=\"wp-block-column is-vertically-aligned-center is-layout-flow wp-container-core-column-is-layout-3ca914a4 wp-block-column-is-layout-flow\" style=\"flex-basis:56%\">\n<h4 class=\"wp-block-heading has-text-color has-system-font-font-family\" style=\"color:#154f86;font-size:clamp(21.027px, 1.314rem + ((1vw - 3.2px) * 1.474), 34px);font-style:normal;font-weight:400;letter-spacing:-1px\">Chaudi\u00e8res au fioul<\/h4>\n\n\n\n<p class=\"has-text-color has-inter-font-family\" style=\"color:#154f86;padding-right:120px;font-size:clamp(14px, 0.875rem + ((1vw - 3.2px) * 0.227), 16px);\">Les chaudi\u00e8res fioul nouvelle g\u00e9n\u00e9ration consomment moins d\u2019\u00e9nergie tout en restant performantes.<br><br>Elles peuvent \u00eatre coupl\u00e9es \u00e0 une pompe \u00e0 chaleur ou un chauffe-eau solaire pour plus d\u2019efficacit\u00e9.<br>Faciles \u00e0 approvisionner et durables, elles offrent une solution fiable et adaptable.<\/p>\n\n\n\n<div class=\"wp-block-buttons is-layout-flex wp-block-buttons-is-layout-flex\">\n<div class=\"wp-block-button is-style-fill\"><a class=\"wp-block-button__link has-text-color has-background has-border-color has-inter-font-family has-custom-font-size wp-element-button\" href=\"https:\/\/ets-grenat.com\/index.php\/contact\/\" style=\"border-color:#839376;border-width:1px;color:#f49819;background-color:#f599181a;padding-top:11px;padding-right:30px;padding-bottom:11px;padding-left:30px;font-size:clamp(14px, 0.875rem + ((1vw - 3.2px) * 0.227), 16px);\" target=\"_blank\" rel=\"noreferrer noopener\">Parlez avec un expert<\/a><\/div>\n<\/div>\n<\/div>\n<\/div>\n\n\n\n<div class=\"wp-block-columns alignwide is-layout-flex wp-container-core-columns-is-layout-ca23dd7b wp-block-columns-is-layout-flex\" style=\"margin-top:100px;margin-bottom:70px\">\n<div class=\"wp-block-column is-layout-flow wp-block-column-is-layout-flow\" style=\"padding-top:0px;padding-right:0px;padding-bottom:0px;padding-left:0px\">\n<figure class=\"wp-block-image aligncenter size-full is-resized\"><a href=\"https:\/\/ets-grenat.com\/index.php\/solutions-thermiques\/energies-renouvelables\/\"><img loading=\"lazy\" decoding=\"async\" width=\"439\" height=\"675\" src=\"https:\/\/ets-grenat.com\/wp-content\/uploads\/2025\/11\/Ae\u0301rothermie-Viessmann-copie.jpg\" alt=\"\" class=\"wp-image-545\" style=\"aspect-ratio:3\/4;object-fit:cover;width:370px;height:auto\"\/><\/a><\/figure>\n<\/div>\n\n\n\n<div class=\"wp-block-column is-vertically-aligned-center is-layout-flow wp-container-core-column-is-layout-3ca914a4 wp-block-column-is-layout-flow\" style=\"flex-basis:56%\">\n<h4 class=\"wp-block-heading has-text-color has-system-font-font-family\" style=\"color:#154f86;font-size:clamp(21.027px, 1.314rem + ((1vw - 3.2px) * 1.474), 34px);font-style:normal;font-weight:400;letter-spacing:-1px\">Energies renouvelables<\/h4>\n\n\n\n<p class=\"has-text-color has-inter-font-family\" style=\"color:#154f86;padding-right:120px;font-size:clamp(14px, 0.875rem + ((1vw - 3.2px) * 0.227), 16px);\">Certifi\u00e9 RGE (Reconnu Garant de l\u2019Environnement), nous saurons vous conseiller et vous accompagner dans votre transition \u00e9nerg\u00e9tique en vous exposant les avantages et b\u00e9n\u00e9fices d\u2019une installation adapt\u00e9e \u00e0 votre int\u00e9rieur et votre secteur g\u00e9ographique.<\/p>\n\n\n\n<div class=\"wp-block-buttons is-layout-flex wp-block-buttons-is-layout-flex\">\n<div class=\"wp-block-button is-style-fill\"><a class=\"wp-block-button__link has-text-color has-background has-border-color has-inter-font-family has-custom-font-size wp-element-button\" href=\"https:\/\/ets-grenat.com\/index.php\/contact\/\" style=\"border-color:#839376;border-width:1px;color:#f49819;background-color:#f599181a;padding-top:11px;padding-right:30px;padding-bottom:11px;padding-left:30px;font-size:clamp(14px, 0.875rem + ((1vw - 3.2px) * 0.227), 16px);\" target=\"_blank\" rel=\"noreferrer noopener\">Parlez avec un expert<\/a><\/div>\n<\/div>\n<\/div>\n<\/div>\n\n\n\n<section class=\"wp-block-group alignfull has-text-color has-background has-global-padding is-layout-constrained wp-container-core-group-is-layout-5e70687f wp-block-group-is-layout-constrained\" style=\"color:#212121;background-color:#16508712;margin-top:0rem;padding-right:1rem;padding-left:1rem;font-size:clamp(0.875rem, 0.875rem + ((1vw - 0.2rem) * 0.464), 1.13rem);font-style:normal;font-weight:400;line-height:1.5\">\n<div class=\"wp-block-group has-global-padding is-layout-constrained wp-container-core-group-is-layout-e045accc wp-block-group-is-layout-constrained\" style=\"padding-top:80px;padding-right:0rem;padding-bottom:80px;padding-left:0rem\">\n<div class=\"wp-block-columns is-not-stacked-on-mobile is-layout-flex wp-container-core-columns-is-layout-713970fd wp-block-columns-is-layout-flex\">\n<div class=\"wp-block-column has-global-padding is-layout-constrained wp-container-core-column-is-layout-579fee1f wp-block-column-is-layout-constrained\" style=\"border-right-color:#154f86;border-right-width:1px;padding-right:1rem;padding-left:1rem\">\n<figure class=\"wp-block-image size-full\"><img loading=\"lazy\" decoding=\"async\" width=\"410\" height=\"88\" src=\"https:\/\/ets-grenat.com\/wp-content\/uploads\/2025\/11\/Saunier-duval.png\" alt=\"\" class=\"wp-image-569\"\/><\/figure>\n\n\n\n<p class=\"has-text-align-center has-text-color has-link-color has-inter-font-family wp-elements-177675af8cb547165bea4951fd6b5976\" style=\"color:#154f86;margin-bottom:0rem;font-size:clamp(14px, 0.875rem + ((1vw - 3.2px) * 0.227), 16px);\"><br>Marque fran\u00e7aise sp\u00e9cialis\u00e9e dans la fabrication de syst\u00e8mes de chauffage et de production d\u2019eau chaude sanitaire. Pionni\u00e8re dans l\u2019utilisation de technologies innovantes pour am\u00e9liorer le confort thermique des logements.&nbsp;<\/p>\n<\/div>\n\n\n\n<div class=\"wp-block-column has-global-padding is-layout-constrained wp-container-core-column-is-layout-579fee1f wp-block-column-is-layout-constrained\" style=\"padding-right:1rem;padding-left:1rem\">\n<figure class=\"wp-block-image alignwide size-full\"><img loading=\"lazy\" decoding=\"async\" width=\"300\" height=\"140\" src=\"https:\/\/ets-grenat.com\/wp-content\/uploads\/2025\/04\/viessmann-pro-actif-artetclim-300x140-1.png\" alt=\"\" class=\"wp-image-186\"\/><\/figure>\n\n\n\n<p class=\"has-text-align-center has-text-color has-inter-font-family\" style=\"color:#154f86;font-size:clamp(14px, 0.875rem + ((1vw - 3.2px) * 0.227), 16px);\">Nous sommes depuis 1990 installateur Proactif Viessmann, un des fabricants internationaux leaders d\u2019installations de chauffage.<\/p>\n<\/div>\n<\/div>\n<\/div>\n<\/section>\n\n\n\n<div class=\"wp-block-cover alignfull is-light has-custom-color-2-color has-text-color\" style=\"margin-top:0;margin-bottom:0;padding-top:120px;padding-right:20px;padding-bottom:120px;padding-left:20px;min-height:50px;aspect-ratio:unset;\"><img loading=\"lazy\" decoding=\"async\" width=\"1280\" height=\"1920\" class=\"wp-block-cover__image-background wp-image-104\" alt=\"\" src=\"https:\/\/ets-grenat.com\/wp-content\/uploads\/2025\/04\/bathroom-8323836_1920.jpg\" style=\"object-position:39% 43%\" data-object-fit=\"cover\" data-object-position=\"39% 43%\"\/><span aria-hidden=\"true\" class=\"wp-block-cover__background has-white-background-color has-background-dim-80 has-background-dim\"><\/span><div class=\"wp-block-cover__inner-container has-global-padding is-layout-constrained wp-container-core-cover-is-layout-619827bf wp-block-cover-is-layout-constrained\">\n<h2 class=\"wp-block-heading has-text-align-center has-text-color has-system-font-font-family\" style=\"color:#154f86;font-size:clamp(24.034px, 1.502rem + ((1vw - 3.2px) * 1.814), 40px);font-style:normal;font-weight:400;letter-spacing:-2px;line-height:1.2\">Une demande sp\u00e9cifique ?<\/h2>\n\n\n\n<p class=\"has-text-align-center has-text-color has-inter-font-family\" style=\"color:#154f86;margin-bottom:2.5rem;font-size:clamp(14px, 0.875rem + ((1vw - 3.2px) * 0.341), 17px);font-style:normal;font-weight:400;line-height:1.9\">Contactez-nous, l\u2019\u00e9quipe ETS GRENAT se fera un plaisir de vous r\u00e9pondre et de vous accompagner.<\/p>\n\n\n\n<div class=\"wp-block-buttons is-content-justification-center is-layout-flex wp-container-core-buttons-is-layout-a89b3969 wp-block-buttons-is-layout-flex\">\n<div class=\"wp-block-button\"><a class=\"wp-block-button__link has-text-color has-background has-inter-font-family has-custom-font-size wp-element-button\" href=\"https:\/\/ets-grenat.com\/index.php\/contact\/\" style=\"border-width:1px;color:#ffffff;background-color:#f59918;padding-top:17px;padding-right:40px;padding-bottom:17px;padding-left:40px;font-size:clamp(14px, 0.875rem + ((1vw - 3.2px) * 0.227), 16px);line-height:1\" target=\"_blank\" rel=\"noreferrer noopener\">Nous contacter<\/a><\/div>\n<\/div>\n<\/div><\/div>\n","protected":false},"excerpt":{"rendered":"<p>Chaudi\u00e8res au gaz Le syst\u00e8me de chauffage le plus utilis\u00e9 en France, appr\u00e9ci\u00e9 pour sa fiabilit\u00e9 et son efficacit\u00e9. Il existe en plusieurs mod\u00e8les :\u00a0\u00e0 condensation, mural ou au sol. Il s&rsquo;adapte \u00e0 tous les besoins.Peu encombrant, durable et offrant un excellent confort thermique, il ne demande qu\u2019un entretien annuel. Chaudi\u00e8res au fioul Les chaudi\u00e8res [&hellip;]<\/p>\n","protected":false},"author":2,"featured_media":0,"parent":68,"menu_order":0,"comment_status":"closed","ping_status":"closed","template":"","meta":{"footnotes":""},"class_list":["post-70","page","type-page","status-publish","hentry"],"_links":{"self":[{"href":"https:\/\/ets-grenat.com\/index.php\/wp-json\/wp\/v2\/pages\/70","targetHints":{"allow":["GET"]}}],"collection":[{"href":"https:\/\/ets-grenat.com\/index.php\/wp-json\/wp\/v2\/pages"}],"about":[{"href":"https:\/\/ets-grenat.com\/index.php\/wp-json\/wp\/v2\/types\/page"}],"author":[{"embeddable":true,"href":"https:\/\/ets-grenat.com\/index.php\/wp-json\/wp\/v2\/users\/2"}],"replies":[{"embeddable":true,"href":"https:\/\/ets-grenat.com\/index.php\/wp-json\/wp\/v2\/comments?post=70"}],"version-history":[{"count":24,"href":"https:\/\/ets-grenat.com\/index.php\/wp-json\/wp\/v2\/pages\/70\/revisions"}],"predecessor-version":[{"id":592,"href":"https:\/\/ets-grenat.com\/index.php\/wp-json\/wp\/v2\/pages\/70\/revisions\/592"}],"up":[{"embeddable":true,"href":"https:\/\/ets-grenat.com\/index.php\/wp-json\/wp\/v2\/pages\/68"}],"wp:attachment":[{"href":"https:\/\/ets-grenat.com\/index.php\/wp-json\/wp\/v2\/media?parent=70"}],"curies":[{"name":"wp","href":"https:\/\/api.w.org\/{rel}","templated":true}]}}