{"id":445,"date":"2025-07-06T18:47:23","date_gmt":"2025-07-06T16:47:23","guid":{"rendered":"https:\/\/ets-grenat.com\/?page_id=445"},"modified":"2025-07-06T18:47:33","modified_gmt":"2025-07-06T16:47:33","slug":"reglement-generale-de-donnees","status":"publish","type":"page","link":"https:\/\/ets-grenat.com\/index.php\/reglement-generale-de-donnees\/","title":{"rendered":"R\u00e8glement G\u00e9n\u00e9rale de Donn\u00e9es"},"content":{"rendered":"\n<p><strong><u>Politique g\u00e9n\u00e9rale de confidentialit\u00e9 et de traitements des donn\u00e9es personnelles de l\u2019entreprise ETS GRENAT<\/u><\/strong><\/p>\n\n\n\n<p>Le R\u00e8glement G\u00e9n\u00e9ral pour la protection des Donn\u00e9es \u2013 (RGPD) est entr\u00e9 en vigueur depuis le 25 mai 2018. Ce r\u00e8glement cr\u00e9e un cadre r\u00e9glementaire unifiant les lois sur la protection des donn\u00e9es dans les 28 pays membres de l\u2019Union Europ\u00e9enne.<\/p>\n\n\n\n<p>Le RGPD s\u2019applique \u00e0 toutes les entreprises exer\u00e7ant une activit\u00e9 significative en Union Europ\u00e9enne, quelle que soit leur taille, leur structure et leur domaine d\u2019activit\u00e9.<\/p>\n\n\n\n<p>La r\u00e9alisation des obligations pr\u00e9vues par le contrat liant les parties et la gestion de sa relation \u00ab client \u00bb conduit l\u2019entreprise \u00e0 collecter des donn\u00e9es \u00e0 caract\u00e8re personnel de ses clients et prospects. Les informations recueillies font l\u2019objet d\u2019un traitement sous la responsabilit\u00e9 de l\u2019entreprise, Zone Artisanale des Esserts, 14 Rue de la Fonderie<br>74140 DOUVAINE, France.<\/p>\n\n\n\n<h3 class=\"wp-block-heading\">Responsable de traitement<\/h3>\n\n\n\n<p>Les donn\u00e9es des personnes concern\u00e9es sont collect\u00e9es par M. Fr\u00e9d\u00e9ric DUFFAUD agissant au nom de l\u2019entreprise ETS GRENAT.<\/p>\n\n\n\n<h3 class=\"wp-block-heading\">Les donn\u00e9es personnelles<\/h3>\n\n\n\n<p>L\u2019entreprise ETS GRENAT porte une attention particuli\u00e8re \u00e0 la protection de la vie priv\u00e9e et s\u2019engage \u00e0 respecter la confidentialit\u00e9 des renseignements personnels qu\u2019elle collecte.<\/p>\n\n\n\n<p>M. Fr\u00e9d\u00e9ric DUFFAUD, en qualit\u00e9 de Responsable de Traitement, est amen\u00e9 \u00e0 collecter, consulter, utiliser, modifier, stocker, transmettre et effacer des Donn\u00e9es \u00e0 Caract\u00e8re Personnel (ci-apr\u00e8s les \u00ab Donn\u00e9es \u00bb) dans le cadre de ses activit\u00e9s professionnelles.<\/p>\n\n\n\n<p>Conform\u00e9ment \u00e0 l\u2019article&nbsp; 4&nbsp; du&nbsp; RGPD&nbsp; du 25 mai 2018, les termes \u00ab Donn\u00e9es \u00bb ou \u00ab Donn\u00e9es \u00e0 Caract\u00e8re Personnel \u00bb d\u00e9signent toute information&nbsp; se&nbsp; rapportant&nbsp; \u00e0&nbsp; une&nbsp; personne&nbsp; physique&nbsp; identifi\u00e9e&nbsp; ou&nbsp; identifiable&nbsp; (ci-apr\u00e8s d\u00e9nomm\u00e9e \u00ab Personne Concern\u00e9e \u00bb). Est r\u00e9put\u00e9e \u00eatre une \u00ab personne physique identifiable \u00bb une personne physique qui peut \u00eatre identifi\u00e9e, directement ou indirectement, notamment par r\u00e9f\u00e9rence \u00e0&nbsp; un&nbsp; identifiant,&nbsp; tel&nbsp; qu&rsquo;un&nbsp; nom,&nbsp; un&nbsp; num\u00e9ro&nbsp; d&rsquo;identification,&nbsp; des&nbsp; donn\u00e9es&nbsp; de localisation, un identifiant en ligne, ou \u00e0 un ou plusieurs \u00e9l\u00e9ments sp\u00e9cifiques propres \u00e0 son identit\u00e9 physique, physiologique, g\u00e9n\u00e9tique, psychique, \u00e9conomique, culturelle ou sociale.<\/p>\n\n\n\n<p>L\u2019entreprise ETS GRENAT collecte et utilise uniquement les donn\u00e9es personnelles qui lui sont n\u00e9cessaires dans le cadre de son activit\u00e9 professionnelle.<\/p>\n\n\n\n<p>L\u2019entreprise ETS GRENAT peut \u00eatre amen\u00e9e \u00e0 collecter diff\u00e9rentes donn\u00e9es personnelles et informations selon les besoins des services, notamment&nbsp;:<\/p>\n\n\n\n<ul class=\"wp-block-list\">\n<li>Les informations d\u2019\u00e9tat civil et d\u2019identification (nom, pr\u00e9nom(s), adresse, adresse e-mail, t\u00e9l\u00e9phone(s), date et lieu de naissance, photocopies de pi\u00e8ce d\u2019identit\u00e9 et carte d\u2019assur\u00e9 social)\u00a0;<\/li>\n\n\n\n<li>Les informations d\u2019ordre \u00e9conomique et financier (RIB)\u00a0;<\/li>\n\n\n\n<li>Le Num\u00e9ro de S\u00e9curit\u00e9 Sociale.<\/li>\n<\/ul>\n\n\n\n<h3 class=\"wp-block-heading\">Utilisation et finalit\u00e9 des informations des donn\u00e9es collect\u00e9es<\/h3>\n\n\n\n<p>Ces donn\u00e9es sont pour la plupart collect\u00e9es directement aupr\u00e8s des personnes concern\u00e9es, lorsqu\u2019elles :<\/p>\n\n\n\n<ul class=\"wp-block-list\">\n<li>Contactent l\u2019entreprise ETS GRENAT ;<\/li>\n\n\n\n<li>Cr\u00e9e une affaire client avec l\u2019entreprise ETS GRENAT ;<\/li>\n<\/ul>\n\n\n\n<p>Les donn\u00e9es \u00e0 caract\u00e8re personnel sont utilis\u00e9es \u00e0 des fins de&nbsp;:<\/p>\n\n\n\n<ul class=\"wp-block-list\">\n<li>Communication entre la personne concern\u00e9e et l\u2019entreprise ;<\/li>\n\n\n\n<li>Communication en interne\u00a0;<\/li>\n\n\n\n<li>Constitution du dossier \u00ab\u00a0client\u00a0\u00bb de la personne concern\u00e9e\u00a0;<\/li>\n\n\n\n<li>Constitution du dossier \u00ab\u00a0prospect\u00a0\u00bb de la personne concern\u00e9e\u00a0;<\/li>\n\n\n\n<li>Comptabilit\u00e9\u00a0;<\/li>\n\n\n\n<li>Pr\u00e9vention du blanchiment et du financement du terrorisme et la lutte contre la corruption.<\/li>\n<\/ul>\n\n\n\n<h3 class=\"wp-block-heading\">Dur\u00e9e de conservation des donn\u00e9es collect\u00e9es<\/h3>\n\n\n\n<p>L\u2019entreprise ETS GRENAT conserve les donn\u00e9es \u00e0 caract\u00e8re personnel uniquement pour les dur\u00e9es n\u00e9cessaires au respect des dispositions l\u00e9gales et r\u00e8glementaires applicables et \u00e0 la finalit\u00e9 de la collecte indiqu\u00e9e dans \u00ab III. Utilisation et finalit\u00e9 des informations et donn\u00e9es collect\u00e9es \u00bb.<\/p>\n\n\n\n<p>Concernant les clients, les donn\u00e9es sont conserv\u00e9es durant toute la dur\u00e9e de la relation contractuelle et jusqu\u2019\u00e0 5 ans apr\u00e8s la fin de cette relation contractuelle.<\/p>\n\n\n\n<p>Concernant les prospects, les informations de donn\u00e9es personnelles sont conserv\u00e9es jusqu\u2019\u00e0 5 ans \u00e0 compter du dernier contact sans suite.<\/p>\n\n\n\n<h3 class=\"wp-block-heading\">Droits que vous disposez sur vos donn\u00e9es personnelles<\/h3>\n\n\n\n<p>Conform\u00e9ment \u00e0 la r\u00e8glementation (europ\u00e9enne) sur la protection des donn\u00e9es \u00e0 caract\u00e8re personnel en vigueur, vous disposez des droits suivants concernant vos donn\u00e9es personnelles&nbsp;:<\/p>\n\n\n\n<ul class=\"wp-block-list\">\n<li>Droit d\u2019acc\u00e8s (article 15 du RGPD) et de rectification (article 16 du RGPD), de mise \u00e0 jour, de compl\u00e9tude\u00a0;<\/li>\n\n\n\n<li>Droit d\u2019effacement des donn\u00e9es \u00e0 caract\u00e8re personnel (article 17 du RGPD) lorsqu\u2019elles ne sont plus n\u00e9cessaires au regard de ses finalit\u00e9s ou ont \u00e9t\u00e9 trait\u00e9es de fa\u00e7on illicite\u00a0;<\/li>\n\n\n\n<li>Droit du consentement\u00a0;<\/li>\n\n\n\n<li>Droit d\u2019opposition (article 21 du RGPD)\u00a0;<\/li>\n\n\n\n<li>Droit de limitation de traitement\u00a0(article 18 du RGPD) ;<\/li>\n\n\n\n<li>Droit \u00e0 la portabilit\u00e9 des donn\u00e9es (article 20 du RGPD).<\/li>\n<\/ul>\n\n\n\n<p>Vous pouvez exercer ces droits en \u00e9crivant \u00e0 l\u2019entreprise ETS GRENAT \u00e0 l\u2019adresse e-mail suivante&nbsp;: <a href=\"mailto:contact@ets-grenat.com\">contact@ets-grenat.com<\/a><\/p>\n\n\n\n<p>Ou par voie postale&nbsp;:<\/p>\n\n\n\n<p>ETS GRENAT<\/p>\n\n\n\n<p>Zone Artisanale des Esserts,<br>14 Rue de la Fonderie<br>74140 DOUVAINE, France.<\/p>\n\n\n\n<p><a>Pour en savoir plus&nbsp;: <\/a><a href=\"https:\/\/www.cnil.fr\/comprendre-vos-droits\">https:\/\/www.cnil.fr\/comprendre-vos-droits<\/a><\/p>\n\n\n\n<p>En raison de l\u2019obligation de s\u00e9curit\u00e9 et de confidentialit\u00e9 dans le traitement des donn\u00e9es \u00e0 caract\u00e8re personnel qui incombe l\u2019entreprise, les personnes concern\u00e9es sont inform\u00e9es que leur demande sera trait\u00e9e sous r\u00e9serve qu\u2019elles rapportent la preuve de leur identit\u00e9, notamment par la production d\u2019un scan ou d\u2019une photocopie de&nbsp; leur&nbsp; titre&nbsp; d\u2019identit\u00e9&nbsp; valide.<\/p>\n\n\n\n<p>Enfin, l\u2019entreprise s\u2019engage \u00e0 r\u00e9pondre \u00e0 leur demande d\u2019acc\u00e8s, de rectification ou d\u2019opposition ou toute autre demande compl\u00e9mentaire d\u2019informations dans un d\u00e9lai raisonnable qui ne saurait d\u00e9passer un mois \u00e0 compter de la r\u00e9ception de la demande.<\/p>\n\n\n\n<p>Si les personnes concern\u00e9es consid\u00e8rent que l\u2019entreprise ne respecte pas ses obligations au regard de leurs Informations Personnelles, elles peuvent adresser une plainte ou une demande aupr\u00e8s de la CNIL, autorit\u00e9 comp\u00e9tente en France, via le lien suivant&nbsp;: <a href=\"https:\/\/www.cnil.fr\/fr\/plaintes\/internet\">https:\/\/www.cnil.fr\/fr\/plaintes\/internet<\/a><\/p>\n\n\n\n<h3 class=\"wp-block-heading\">Protection des donn\u00e9es<\/h3>\n\n\n\n<p>L\u2019entreprise ETS GRENAT met en \u0153uvre une vari\u00e9t\u00e9 de mesures techniques et organisationnelles afin de garantir la s\u00e9curit\u00e9 des traitements de donn\u00e9es \u00e0 caract\u00e8re personnel ainsi que la confidentialit\u00e9 de ces donn\u00e9es personnelles.<\/p>\n\n\n\n<p>En outre, l\u2019entreprise prend toutes les pr\u00e9cautions utiles et n\u00e9cessaires afin de pr\u00e9server la s\u00e9curit\u00e9 des donn\u00e9es. En effet, l\u2019entreprise ETS GRENAT emp\u00eache que les donn\u00e9es personnelles soient d\u00e9form\u00e9es, endommag\u00e9es, ou que des tiers non autoris\u00e9s aient un acc\u00e8s aux donn\u00e9es des personnes concern\u00e9es.<\/p>\n\n\n\n<p>Les mesures de s\u00e9curit\u00e9 mises en place sont les suivantes&nbsp;:<\/p>\n\n\n\n<ul class=\"wp-block-list\">\n<li>Mesures de protection des logiciels\u00a0;<\/li>\n\n\n\n<li>Sauvegarde des donn\u00e9es\u00a0;<\/li>\n\n\n\n<li>Chiffrement des donn\u00e9es\u00a0;<\/li>\n\n\n\n<li>Contr\u00f4le des locaux.<\/li>\n<\/ul>\n\n\n\n<h3 class=\"wp-block-heading\">Divulgation \u00e0 des tiers<\/h3>\n\n\n\n<p>L\u2019entreprise ne vend, n\u2019\u00e9change et ne transf\u00e8re pas les informations de donn\u00e9es personnelles des personnes concern\u00e9es \u00e0 des tiers.<\/p>\n\n\n\n<p>Cela ne comprend pas les tiers de confiance qui accomplissent des missions que l\u2019entreprise leur confie dans le cadre d\u2019ex\u00e9cution de contrat tant que ces parties conviennent de garder ces informations strictement confidentielles et \u00e0 des fins uniquement professionnelles.<\/p>\n\n\n\n<p>Afin d\u2019accomplir ces missions, l\u2019entreprise ETS GRENAT communique les donn\u00e9es personnelles des personnes concern\u00e9es dans des cas pr\u00e9cis uniquement aux&nbsp;:<\/p>\n\n\n\n<ul class=\"wp-block-list\">\n<li>Services internes de l\u2019entreprise qui traitent les donn\u00e9es ;<\/li>\n\n\n\n<li>Sous-traitants r\u00e9alisant des prestations pour le compte de l\u2019entreprise ;<\/li>\n<\/ul>\n\n\n\n<h3 class=\"wp-block-heading\">Transfert de donn\u00e9es en dehors de l\u2019Union Europ\u00e9enne<\/h3>\n\n\n\n<p>L\u2019entreprise ETS GRENAT r\u00e9alise le transfert de donn\u00e9es hors Union Europ\u00e9enne.<\/p>\n\n\n\n<h3 class=\"wp-block-heading\">H\u00e9bergement des donn\u00e9es<\/h3>\n\n\n\n<p>Toutes les Donn\u00e9es \u00e0 Caract\u00e8re Personnel collect\u00e9es et trait\u00e9es par l\u2019entreprise ETS GRENAT sont h\u00e9berg\u00e9es en France.<\/p>\n\n\n\n<p><a>Les personnes disposent \u00e9galement du droit d\u2019introduire une r\u00e9clamation aupr\u00e8s de la CNIL.<\/a><\/p>\n\n\n\n<p>De plus, et depuis la loi n\u00b02016-1321 du 7 octobre 2016, les personnes qui souhaitent, ont la possibilit\u00e9 d\u2019organiser le sort de leurs donn\u00e9es apr\u00e8s leur d\u00e9c\u00e8s. Pour plus d\u2019information sur le sujet&nbsp;: <a href=\"https:\/\/www.cnil.fr\/\">https:\/\/www.cnil.fr\/<\/a><\/p>\n\n\n\n<figure style=\"font-size:14px\" class=\"wp-block-table\"><table class=\"has-fixed-layout\"><tbody><tr><td>Finalit\u00e9<\/td><td>Base l\u00e9gale<\/td><td>Cat\u00e9gories de<br>donn\u00e9es<\/td><td>Cat\u00e9gories de<br>personnes<\/td><td>Dur\u00e9e<\/td><\/tr><tr><td>Gestion de la relation avec ses clients et prospects&nbsp;<\/td><td>Int\u00e9r\u00eat l\u00e9gitime<\/td><td>Informations Etat civil<br>Vie personnelle\/ professionnelle<\/td><td>Clients<br>Prospects<\/td><td>5 ans apr\u00e8s la dur\u00e9e de la relation contractuelle ou apr\u00e8s le dernier contact sans suite<\/td><\/tr><tr><td>Communication entre la personne concern\u00e9e et l\u2019entreprise&nbsp;<\/td><td>Ex\u00e9cution de mesures pr\u00e9contractuelles ou du contrat<\/td><td>Informations Etat civil<br>Vie personnelle\/ professionnelle<br>Informations d&rsquo;ordre \u00e9conomique et financier<br>Num\u00e9ro de S\u00e9curit\u00e9 Sociale<\/td><td>Clients<\/td><td>5 ans apr\u00e8s la dur\u00e9e de la relation contractuelle<\/td><\/tr><tr><td>Comptabilit\u00e9<\/td><td rowspan=\"2\">Respect d\u2019obligations l\u00e9gales et r\u00e9glementaires<\/td><td>Informations Etat civil<br>Informations d&rsquo;ordre \u00e9conomique et financier<\/td><td>Clients<\/td><td>5 ans apr\u00e8s la dur\u00e9e de la relation contractuelle<\/td><\/tr><tr><td>Pr\u00e9vention du blanchiment et du financement du terrorisme et la lutte contre la corruption&nbsp;<\/td><td>Informations Etat civil<br>Vie personnelle\/ professionnelle<br>Informations d&rsquo;ordre \u00e9conomique et financier<\/td><td>Clients<\/td><td>5 ans apr\u00e8s la dur\u00e9e de la relation contractuelle<\/td><\/tr><\/tbody><\/table><\/figure>\n","protected":false},"excerpt":{"rendered":"<p>Politique g\u00e9n\u00e9rale de confidentialit\u00e9 et de traitements des donn\u00e9es personnelles de l\u2019entreprise ETS GRENAT Le R\u00e8glement G\u00e9n\u00e9ral pour la protection des Donn\u00e9es \u2013 (RGPD) est entr\u00e9 en vigueur depuis le 25 mai 2018. Ce r\u00e8glement cr\u00e9e un cadre r\u00e9glementaire unifiant les lois sur la protection des donn\u00e9es dans les 28 pays membres de l\u2019Union Europ\u00e9enne. [&hellip;]<\/p>\n","protected":false},"author":2,"featured_media":0,"parent":0,"menu_order":0,"comment_status":"closed","ping_status":"closed","template":"","meta":{"footnotes":""},"class_list":["post-445","page","type-page","status-publish","hentry"],"_links":{"self":[{"href":"https:\/\/ets-grenat.com\/index.php\/wp-json\/wp\/v2\/pages\/445","targetHints":{"allow":["GET"]}}],"collection":[{"href":"https:\/\/ets-grenat.com\/index.php\/wp-json\/wp\/v2\/pages"}],"about":[{"href":"https:\/\/ets-grenat.com\/index.php\/wp-json\/wp\/v2\/types\/page"}],"author":[{"embeddable":true,"href":"https:\/\/ets-grenat.com\/index.php\/wp-json\/wp\/v2\/users\/2"}],"replies":[{"embeddable":true,"href":"https:\/\/ets-grenat.com\/index.php\/wp-json\/wp\/v2\/comments?post=445"}],"version-history":[{"count":2,"href":"https:\/\/ets-grenat.com\/index.php\/wp-json\/wp\/v2\/pages\/445\/revisions"}],"predecessor-version":[{"id":447,"href":"https:\/\/ets-grenat.com\/index.php\/wp-json\/wp\/v2\/pages\/445\/revisions\/447"}],"wp:attachment":[{"href":"https:\/\/ets-grenat.com\/index.php\/wp-json\/wp\/v2\/media?parent=445"}],"curies":[{"name":"wp","href":"https:\/\/api.w.org\/{rel}","templated":true}]}}