{"id":443,"date":"2025-07-06T17:54:31","date_gmt":"2025-07-06T15:54:31","guid":{"rendered":"https:\/\/ets-grenat.com\/?page_id=443"},"modified":"2025-11-20T21:54:32","modified_gmt":"2025-11-20T20:54:32","slug":"conditions-generales-de-vente","status":"publish","type":"page","link":"https:\/\/ets-grenat.com\/index.php\/conditions-generales-de-vente\/","title":{"rendered":"Conditions G\u00e9n\u00e9rales de Vente"},"content":{"rendered":"\n<p>Conditions G\u00e9n\u00e9rales de Ventes<\/p>\n\n\n\n<p><strong>Article 1. Objet et champ d&rsquo;application<\/strong><\/p>\n\n\n\n<p>Toute commande de travaux implique l&rsquo;acceptation par le client des pr\u00e9sentes conditions g\u00e9n\u00e9rales d&rsquo;ex\u00e9cution et de r\u00e8glement. Le devis et ses avenants constituent les conditions particuli\u00e8res des travaux \u00e0 r\u00e9aliser. Le contrat est soumis au droit fran\u00e7ais. Les parties pourront rechercher une solution amiable aux diff\u00e9rends qui pourraient appara\u00eetre pour l&rsquo;ex\u00e9cution du contrat.<\/p>\n\n\n\n<p><strong>Article 2. Contrats conclus hors \u00e9tablissement<\/strong><\/p>\n\n\n\n<p>Si le contrat est sign\u00e9 au domicile du client en pr\u00e9sence du repr\u00e9sentant de l&rsquo;entreprise, le client a le droit de se r\u00e9tracter du pr\u00e9sent contrat sans donner de motif dans un d\u00e9lai de quatorze jours, sauf en cas d&rsquo;urgence et dans la limite des pi\u00e8ces de rechange et travaux n\u00e9cessaires pour r\u00e9pondre \u00e0 l&rsquo;urgence. Le client peut express\u00e9ment demander la r\u00e9alisation des travaux avant la fin de ce d\u00e9lai de 14 jours.<\/p>\n\n\n\n<p><strong>Article 3. Dur\u00e9e de validit\u00e9 de l&rsquo;offre<\/strong><\/p>\n\n\n\n<p>L&rsquo;offre de l&rsquo;entreprise a une validit\u00e9 de 30 jours \u00e0 compter de sa date de remise au client. Si avant l&rsquo;acceptation de l&rsquo;offre, le client y apporte des modifications, l&rsquo;entreprise se r\u00e9serve le droit de les refuser ou de proposer une nouvelle offre.<\/p>\n\n\n\n<p><strong>Article 4. Autorisations<\/strong><\/p>\n\n\n\n<p>Le march\u00e9 est conclu sous la condition suspensive d\u2019obtention dans un d\u00e9lai de 30 jours des autorisations administratives ou de voisinage n\u00e9cessaires \u00e0 l\u2019ex\u00e9cution du march\u00e9. Le client se charge de l\u2019obtention des autorisations li\u00e9es au march\u00e9.<\/p>\n\n\n\n<p><strong>Article 5. Conditions d\u2019ex\u00e9cution des travaux<\/strong><\/p>\n\n\n\n<p>Les travaux sont r\u00e9alis\u00e9s conform\u00e9ment \u00e0 la r\u00e9glementation et aux r\u00e8gles de l\u2019art en vigueur au jour de l\u2019offre.<\/p>\n\n\n\n<p>L\u2019entreprise se r\u00e9serve le droit de refuser l\u2019utilisation des mat\u00e9riaux ou produits fournis par le client.<\/p>\n\n\n\n<p>Lorsque le support r\u00e9v\u00e8le des suj\u00e9tions impr\u00e9vues, non d\u00e9celables par l\u2019entreprise, sauf au moment des travaux, un avenant devra \u00eatre conclu entre les parties pour fixer les travaux suppl\u00e9mentaires et leur co\u00fbt.<\/p>\n\n\n\n<p><strong>Article 6. D\u00e9lai d&rsquo;ex\u00e9cution<\/strong><\/p>\n\n\n\n<p>Les travaux seront r\u00e9alis\u00e9s dans le d\u00e9lai pr\u00e9cis\u00e9 au devis. Le d\u00e9lai d&rsquo;ex\u00e9cution est prolong\u00e9, le cas \u00e9ch\u00e9ant, \u00e0 raison des avenants au march\u00e9 ou de la dur\u00e9e des retards dus au client. Le d\u00e9lai d\u2019ex\u00e9cution est automatiquement prolong\u00e9 en cas de force majeure, d&rsquo;intemp\u00e9ries, de gr\u00e8ves.<\/p>\n\n\n\n<p><strong>Article 7. Modifications du march\u00e9 &#8211; Avenants<\/strong><\/p>\n\n\n\n<p>Toutes les modifications apport\u00e9es au march\u00e9 feront l&rsquo;objet d&rsquo;avenants chiffr\u00e9s conclus entre l&rsquo;entreprise et le client.<\/p>\n\n\n\n<p><strong>Article 8. Prix et r\u00e8glements<\/strong><\/p>\n\n\n\n<ul class=\"wp-block-list\">\n<li>Prix<\/li>\n<\/ul>\n\n\n\n<p>Le prix du march\u00e9 est fix\u00e9 par le devis, modifi\u00e9 le cas \u00e9ch\u00e9ant par avenants.<\/p>\n\n\n\n<p>Les prix sont \u00e9tablis sur la base des taux de TVA en vigueur au moment de l\u2019offre. Toute variation intervenant sur les taux de TVA sera r\u00e9percut\u00e9e sur le prix TTC.<\/p>\n\n\n\n<p>Les parties conviennent qu\u2019en cas de requalification fiscale sur le taux de TVA applicable aux travaux, le client s\u2019engage \u00e0 assumer la totalit\u00e9 de la r\u00e9gularisation (principal, p\u00e9nalit\u00e9s et int\u00e9r\u00eats) et \u00e0 rembourser l&rsquo;entreprise rectifi\u00e9e fiscalement des sommes vers\u00e9es par elle \u00e0 ce titre.<\/p>\n\n\n\n<p><strong>Article 9. Conditions de r\u00e8glement<\/strong><\/p>\n\n\n\n<p>Le r\u00e8glement des factures se fait \u00e0 r\u00e9ception de celles-ci, selon les modalit\u00e9s suivantes : virement, ch\u00e8que ou esp\u00e8ces.<\/p>\n\n\n\n<p><strong>Article 10. R\u00e9ception des travaux<\/strong><\/p>\n\n\n\n<p>La r\u00e9ception des travaux, par laquelle le client d\u00e9clare accepter l&rsquo;ouvrage avec ou sans r\u00e9serve, se fait en pr\u00e9sence de l&rsquo;entrepreneur et du client. Elle donne lieu \u00e0 un proc\u00e8s-verbal sign\u00e9 des deux parties, \u00e0 raison d&rsquo;un exemplaire pour l&rsquo;entreprise et d&rsquo;un exemplaire pour le client.<\/p>\n\n\n\n<p><strong>Article 11. R\u00e9siliation du contrat<\/strong><\/p>\n\n\n\n<p>En cas d&rsquo;inex\u00e9cution de ses obligations par l&rsquo;une des parties, le contrat pourra \u00eatre r\u00e9sili\u00e9 30 jours apr\u00e8s mise en demeure par lettre recommand\u00e9e avec accus\u00e9 de r\u00e9ception rest\u00e9e sans effet, sans pr\u00e9judice des dommages-int\u00e9r\u00eats qui pourraient \u00eatre r\u00e9clam\u00e9s \u00e0 la partie d\u00e9faillante.<\/p>\n\n\n\n<p><strong>Article 12. Litiges et contestations<\/strong><\/p>\n\n\n\n<p>En cas de diff\u00e9rend qui pourrait appara\u00eetre pour l&rsquo;ex\u00e9cution du contrat ou du march\u00e9 de travaux, la recherche d&rsquo;une solution amiable est privil\u00e9gi\u00e9e. Pour ce faire, le client adresse par \u00e9crit sa demande aupr\u00e8s de l&rsquo;entreprise ETS GRENAT, 14 rue de la Fonderie, 74140 DOUVAINE.<\/p>\n\n\n\n<p>S&rsquo;il advenait qu&rsquo;aucune solution amiable ne puisse intervenir, le tribunal comp\u00e9tent sera celui du lieu du si\u00e8ge social de l&rsquo;entreprise. <\/p>\n","protected":false},"excerpt":{"rendered":"<p>Conditions G\u00e9n\u00e9rales de Ventes Article 1. Objet et champ d&rsquo;application Toute commande de travaux implique l&rsquo;acceptation par le client des pr\u00e9sentes conditions g\u00e9n\u00e9rales d&rsquo;ex\u00e9cution et de r\u00e8glement. Le devis et ses avenants constituent les conditions particuli\u00e8res des travaux \u00e0 r\u00e9aliser. Le contrat est soumis au droit fran\u00e7ais. Les parties pourront rechercher une solution amiable aux [&hellip;]<\/p>\n","protected":false},"author":2,"featured_media":0,"parent":0,"menu_order":0,"comment_status":"closed","ping_status":"closed","template":"","meta":{"footnotes":""},"class_list":["post-443","page","type-page","status-publish","hentry"],"_links":{"self":[{"href":"https:\/\/ets-grenat.com\/index.php\/wp-json\/wp\/v2\/pages\/443","targetHints":{"allow":["GET"]}}],"collection":[{"href":"https:\/\/ets-grenat.com\/index.php\/wp-json\/wp\/v2\/pages"}],"about":[{"href":"https:\/\/ets-grenat.com\/index.php\/wp-json\/wp\/v2\/types\/page"}],"author":[{"embeddable":true,"href":"https:\/\/ets-grenat.com\/index.php\/wp-json\/wp\/v2\/users\/2"}],"replies":[{"embeddable":true,"href":"https:\/\/ets-grenat.com\/index.php\/wp-json\/wp\/v2\/comments?post=443"}],"version-history":[{"count":9,"href":"https:\/\/ets-grenat.com\/index.php\/wp-json\/wp\/v2\/pages\/443\/revisions"}],"predecessor-version":[{"id":605,"href":"https:\/\/ets-grenat.com\/index.php\/wp-json\/wp\/v2\/pages\/443\/revisions\/605"}],"wp:attachment":[{"href":"https:\/\/ets-grenat.com\/index.php\/wp-json\/wp\/v2\/media?parent=443"}],"curies":[{"name":"wp","href":"https:\/\/api.w.org\/{rel}","templated":true}]}}