{"id":10,"date":"2025-04-08T14:41:48","date_gmt":"2025-04-08T12:41:48","guid":{"rendered":"https:\/\/ets-grenat.com\/?page_id=10"},"modified":"2025-11-06T20:38:26","modified_gmt":"2025-11-06T19:38:26","slug":"entreprise","status":"publish","type":"page","link":"https:\/\/ets-grenat.com\/index.php\/entreprise\/","title":{"rendered":"Entreprise"},"content":{"rendered":"\n<div class=\"wp-block-cover alignfull\" style=\"margin-top:0;margin-bottom:0;padding-top:0;padding-bottom:0;min-height:76vh;aspect-ratio:unset;\"><img loading=\"lazy\" decoding=\"async\" width=\"1648\" height=\"1344\" class=\"wp-block-cover__image-background wp-image-472 size-full\" alt=\"\" src=\"https:\/\/ets-grenat.com\/wp-content\/uploads\/2025\/08\/3-min-2.jpg\" data-object-fit=\"cover\"\/><span aria-hidden=\"true\" class=\"wp-block-cover__background has-black-background-color has-background-dim-40 has-background-dim\"><\/span><div class=\"wp-block-cover__inner-container has-global-padding is-layout-constrained wp-container-core-cover-is-layout-6e7f18e7 wp-block-cover-is-layout-constrained\">\n<h1 class=\"wp-block-heading has-text-align-center has-text-color has-system-font-font-family\" style=\"color:#ffffff;font-size:clamp(27.894px, 1.743rem + ((1vw - 3.2px) * 2.285), 48px);font-style:normal;font-weight:800\">NOTRE HISTOIRE<\/h1>\n<\/div><\/div>\n\n\n\n<div class=\"wp-block-group alignfull has-global-padding is-layout-constrained wp-container-core-group-is-layout-4383d167 wp-block-group-is-layout-constrained\">\n<div class=\"wp-block-columns alignwide is-layout-flex wp-container-core-columns-is-layout-28f84493 wp-block-columns-is-layout-flex\">\n<div class=\"wp-block-column is-vertically-aligned-top is-layout-flow wp-block-column-is-layout-flow\">\n<div style=\"height:60px\" aria-hidden=\"true\" class=\"wp-block-spacer\"><\/div>\n\n\n\n<p class=\"has-text-align-center has-custom-bleu-color has-text-color has-link-color has-inter-font-family wp-elements-969500f137dffd03f52b9332f0fb6dc8\" style=\"font-size:clamp(14px, 0.875rem + ((1vw - 3.2px) * 0.227), 16px);\">Depuis sa cr\u00e9ation, l\u2019entreprise ETS GRENAT s\u2019est impos\u00e9e comme un acteur polyvalent et reconnu dans le domaine de l\u2019installation, du d\u00e9pannage et de la maintenance, aussi bien sur de grands chantiers que chez les particuliers. Port\u00e9e par une vision r\u00e9solument tourn\u00e9e vers le d\u00e9veloppement et la proximit\u00e9, l\u2019entreprise cultive un esprit familial, o\u00f9 la coh\u00e9sion des \u00e9quipes est essentielle. <br><br>Ce qui distingue ETS GRENAT, c\u2019est avant tout son ADN fond\u00e9 sur trois valeurs fortes: le Dynamisme, qui pousse chaque collaborateur \u00e0 se d\u00e9passer ; le Respect, qui guide les relations humaines et professionnelles ; et le Professionnalisme, garant de la qualit\u00e9 et de la fiabilit\u00e9 des interventions. <br><br>Anim\u00e9e par une forte ambition commerciale, l\u2019entreprise poursuit sa croissance en restant fid\u00e8le \u00e0 ses racines et \u00e0 l\u2019humain au c\u0153ur de son d\u00e9veloppement.<\/p>\n\n\n\n<hr class=\"wp-block-separator aligncenter has-text-color has-custom-orange-color has-alpha-channel-opacity has-custom-orange-background-color has-background\" style=\"margin-top:var(--wp--preset--spacing--70);margin-bottom:var(--wp--preset--spacing--70)\"\/>\n\n\n\n<p class=\"has-text-align-center has-text-color has-system-font-font-family\" style=\"color:#154f86;margin-top:70px;margin-bottom:70px;padding-right:15%;padding-left:15%;font-size:clamp(22.041px, 1.378rem + ((1vw - 3.2px) * 1.586), 36px);font-style:normal;font-weight:400;line-height:1.2\">L\u2019histoire d\u2019une entreprise familiale<br>enracin\u00e9e dans son territoire<\/p>\n\n\n\n<div class=\"wp-block-columns is-layout-flex wp-container-core-columns-is-layout-28f84493 wp-block-columns-is-layout-flex\">\n<div class=\"wp-block-column is-layout-flow wp-block-column-is-layout-flow\">\n<p class=\"has-text-align-right has-text-color has-link-color has-system-font-font-family wp-elements-6dd4611b9c3fa369aada350bf4d2a7c2\" style=\"color:#f49819;font-size:clamp(16.834px, 1.052rem + ((1vw - 3.2px) * 1.042), 26px);\"><strong>1939<\/strong><\/p>\n\n\n\n<p class=\"has-text-align-right has-text-color has-link-color has-inter-font-family wp-elements-f0caba33aad9ee48f5875d12be247152\" style=\"color:#154f86;font-size:clamp(14px, 0.875rem + ((1vw - 3.2px) * 0.227), 16px);\">Narcisse GRENAT fonde son entreprise de zinguerie \u00e0 Douvaine. C\u2019est le d\u00e9but d\u2019une belle aventure artisanale et familiale.<\/p>\n\n\n\n<p class=\"has-text-align-right has-text-color has-link-color has-system-font-font-family wp-elements-b2ad366f01db4b9e4a95220944102930\" style=\"color:#f49819;font-size:clamp(16.834px, 1.052rem + ((1vw - 3.2px) * 1.042), 26px);\"><strong>1962<\/strong><\/p>\n\n\n\n<p class=\"has-text-align-right has-text-color has-link-color has-inter-font-family wp-elements-79691f4a59a9c816b335ed84e61cb7fd\" style=\"color:#154f86;font-size:clamp(14px, 0.875rem + ((1vw - 3.2px) * 0.227), 16px);\">\u00c0 la disparition de Narcisse, son \u00e9pouse Hortense reprend l\u2019activit\u00e9 avec courage et d\u00e9termination. Elle en assure la gestion pendant neuf ans, le temps que leur fils unique, Maurice, soit en \u00e2ge de prendre la rel\u00e8ve.<\/p>\n\n\n\n<p class=\"has-text-align-right has-text-color has-link-color has-system-font-font-family wp-elements-7892ed47ea9f947b076278d77a6eecc1\" style=\"color:#f49819;font-size:clamp(16.834px, 1.052rem + ((1vw - 3.2px) * 1.042), 26px);\"><strong>1971<\/strong><\/p>\n\n\n\n<p class=\"has-text-align-right has-text-color has-link-color has-inter-font-family wp-elements-be2b1e2baf6af0c213d679f6e354b77d\" style=\"color:#154f86;font-size:clamp(14px, 0.875rem + ((1vw - 3.2px) * 0.227), 16px);\">Maurice GRENAT prend les r\u00eanes de l\u2019entreprise familiale. Il d\u00e9veloppe l\u2019activit\u00e9 en y int\u00e9grant la plomberie et le chauffage, marquant une premi\u00e8re \u00e9volution majeure.<\/p>\n\n\n\n<p class=\"has-text-align-right has-text-color has-link-color has-system-font-font-family wp-elements-a153e7db0c260f7af2bafc5d447b941a\" style=\"color:#f49819;font-size:clamp(16.834px, 1.052rem + ((1vw - 3.2px) * 1.042), 26px);\"><strong>1989<\/strong><\/p>\n\n\n\n<p class=\"has-text-align-right has-text-color has-link-color has-inter-font-family wp-elements-b6383d4170cc1bc74df41fe0bc6cf865\" style=\"color:#154f86;font-size:clamp(14px, 0.875rem + ((1vw - 3.2px) * 0.227), 16px);\">Thierry, fils de Maurice, rejoint l\u2019entreprise pour perp\u00e9tuer et renforcer le savoir-faire familial.<\/p>\n\n\n\n<p class=\"has-text-align-right has-text-color has-link-color has-system-font-font-family wp-elements-021fb94c461104ca08c6be190798c0a3\" style=\"color:#f49819;font-size:clamp(16.834px, 1.052rem + ((1vw - 3.2px) * 1.042), 26px);\"><strong>1996<\/strong><\/p>\n\n\n\n<p class=\"has-text-align-right has-text-color has-link-color has-inter-font-family wp-elements-2fcdfcd6da33f96a86faa232924ee5bc\" style=\"color:#154f86;font-size:clamp(14px, 0.875rem + ((1vw - 3.2px) * 0.227), 16px);\">Au d\u00e9c\u00e8s de Maurice, Thierry poursuit naturellement l\u2019activit\u00e9. Il incarne la troisi\u00e8me g\u00e9n\u00e9ration de la famille GRENAT \u00e0 \u0153uvrer dans le domaine de la plomberie et du chauffage.<br><\/p>\n<\/div>\n\n\n\n<div class=\"wp-block-column is-layout-flow wp-block-column-is-layout-flow\">\n<figure class=\"wp-block-image size-full is-style-default\"><img loading=\"lazy\" decoding=\"async\" width=\"1920\" height=\"2499\" src=\"https:\/\/ets-grenat.com\/wp-content\/uploads\/2025\/04\/nationaal-archief-f1OCgdQuXtY-unsplash.jpg\" alt=\"\" class=\"wp-image-146\" style=\"aspect-ratio:2\/3;object-fit:cover\"\/><\/figure>\n<\/div>\n<\/div>\n\n\n\n<div style=\"height:36px\" aria-hidden=\"true\" class=\"wp-block-spacer\"><\/div>\n\n\n\n<div class=\"wp-block-columns is-layout-flex wp-container-core-columns-is-layout-28f84493 wp-block-columns-is-layout-flex\">\n<div class=\"wp-block-column is-layout-flow wp-block-column-is-layout-flow\">\n<figure class=\"wp-block-image size-full\"><img loading=\"lazy\" decoding=\"async\" width=\"1134\" height=\"1512\" src=\"https:\/\/ets-grenat.com\/wp-content\/uploads\/2025\/11\/EQUIPE-2.jpg\" alt=\"\" class=\"wp-image-533\"\/><\/figure>\n<\/div>\n\n\n\n<div class=\"wp-block-column is-layout-flow wp-block-column-is-layout-flow\">\n<p class=\"has-text-color has-link-color has-system-font-font-family wp-elements-adabebc7ab17278f0994ffeb665a574d\" style=\"color:#f49819;font-size:clamp(16.834px, 1.052rem + ((1vw - 3.2px) * 1.042), 26px);\"><strong>2001<\/strong><\/p>\n\n\n\n<p class=\"has-text-color has-link-color has-inter-font-family wp-elements-adf4a1d95c3d7a520d0c6233438c37ff\" style=\"color:#154f86;font-size:clamp(14px, 0.875rem + ((1vw - 3.2px) * 0.227), 16px);\">Thierry fonde la soci\u00e9t\u00e9 MDL, d\u00e9di\u00e9e \u00e0 la maintenance, afin de r\u00e9pondre \u00e0 une demande croissante du march\u00e9.<\/p>\n\n\n\n<p class=\"has-text-color has-link-color has-system-font-font-family wp-elements-8027ff04800a6194791dd447fa22c687\" style=\"color:#f49819;font-size:clamp(16.834px, 1.052rem + ((1vw - 3.2px) * 1.042), 26px);\"><strong>2008<\/strong><\/p>\n\n\n\n<p class=\"has-text-color has-link-color has-inter-font-family wp-elements-b7b12c814cae4e2e35a6b6a1f776ecd4\" style=\"color:#154f86;font-size:clamp(14px, 0.875rem + ((1vw - 3.2px) * 0.227), 16px);font-style:normal;font-weight:400\">Dans une logique de coh\u00e9rence \u00e9conomique et sociale, MDL et l\u2019entreprise familiale fusionnent pour devenir <strong>MDL GRENAT<\/strong>.<\/p>\n\n\n\n<p class=\"has-text-color has-link-color has-system-font-font-family wp-elements-250e4250c032b0f72088740b14cfc256\" style=\"color:#f49819;font-size:clamp(16.834px, 1.052rem + ((1vw - 3.2px) * 1.042), 26px);\"><strong>2013<\/strong><\/p>\n\n\n\n<p class=\"has-text-color has-link-color has-inter-font-family wp-elements-7b7750dd18eb20e887c99abfefa581fd\" style=\"color:#154f86;font-size:clamp(14px, 0.875rem + ((1vw - 3.2px) * 0.227), 16px);\">Apr\u00e8s avoir cherch\u00e9 des successeurs partageant les valeurs de l\u2019entreprise, Thierry transmet MDL GRENAT \u00e0 trois collaborateurs engag\u00e9s et d\u00e9j\u00e0 pr\u00e9sents dans l\u2019\u00e9quipe : Messieurs ALLEON, DUFFAUD et MONDON. Une transmission r\u00e9ussie, symbole de continuit\u00e9 et de fid\u00e9lit\u00e9 au savoir-faire.<\/p>\n\n\n\n<p class=\"has-text-color has-link-color has-system-font-font-family wp-elements-71fe97599daf76583d6adc54d9cc3928\" style=\"color:#f49819;font-size:clamp(16.834px, 1.052rem + ((1vw - 3.2px) * 1.042), 26px);\"><strong>2019<\/strong><\/p>\n\n\n\n<p class=\"has-text-color has-link-color has-inter-font-family wp-elements-84e31e924fb16279670fa5ddebb61cb5\" style=\"color:#154f86;font-size:clamp(14px, 0.875rem + ((1vw - 3.2px) * 0.227), 16px);\">Forts de six ann\u00e9es de collaboration fructueuse, les trois dirigeants d\u00e9cident d\u2019inscrire durablement l\u2019entreprise dans le paysage local en lui donnant son nouveau nom : <strong>ETS GRENAT<\/strong>.<\/p>\n\n\n\n<p class=\"has-text-color has-link-color has-system-font-font-family wp-elements-1cbbe517b5c1bfc9f858a116a6a3997d\" style=\"color:#f49819;font-size:clamp(16.834px, 1.052rem + ((1vw - 3.2px) * 1.042), 26px);\"><strong>2023<\/strong><\/p>\n\n\n\n<p class=\"has-text-color has-link-color has-inter-font-family wp-elements-20cca8100a12c10e4ae58cf13d1e543f\" style=\"color:#154f86;font-size:clamp(14px, 0.875rem + ((1vw - 3.2px) * 0.227), 16px);\">D\u00e9m\u00e9nagement de l&rsquo;entreprise dans ses nouveaux locaux, toujours situ\u00e9 sur le plateau de la Zone Artisanale des Esserts, \u00e0 Douvaine.<\/p>\n<\/div>\n<\/div>\n<\/div>\n<\/div>\n<\/div>\n\n\n\n<div class=\"wp-block-group alignfull has-global-padding is-layout-constrained wp-container-core-group-is-layout-3d678ac5 wp-block-group-is-layout-constrained\" style=\"margin-top:0;margin-bottom:0;padding-top:120px;padding-bottom:120px\">\n<h2 class=\"wp-block-heading has-text-align-center has-text-color has-system-font-font-family\" style=\"color:#154f86;margin-top:0px;margin-bottom:0px;padding-right:15%;padding-left:15%;font-size:clamp(22.041px, 1.378rem + ((1vw - 3.2px) * 1.586), 36px);font-style:normal;font-weight:400;line-height:1.2\">L&rsquo;\u00e9quipe dirigeante<\/h2>\n\n\n\n<hr class=\"wp-block-separator has-text-color has-alpha-channel-opacity has-background is-style-default\" style=\"background-color:#f49819;color:#f49819\"\/>\n\n\n\n<div style=\"height:30px\" aria-hidden=\"true\" class=\"wp-block-spacer\"><\/div>\n\n\n\n<div class=\"wp-block-columns is-layout-flex wp-container-core-columns-is-layout-17070c2b wp-block-columns-is-layout-flex\">\n<div class=\"wp-block-column is-layout-flow wp-container-core-column-is-layout-3ca914a4 wp-block-column-is-layout-flow\">\n<figure class=\"wp-block-image aligncenter size-full is-resized is-style-rounded\"><img loading=\"lazy\" decoding=\"async\" width=\"400\" height=\"400\" src=\"https:\/\/ets-grenat.com\/wp-content\/uploads\/2025\/11\/Thierry.png\" alt=\"\" class=\"wp-image-565\" style=\"width:140px\"\/><\/figure>\n\n\n\n<h6 class=\"wp-block-heading has-text-align-center has-text-color has-link-color has-system-font-font-family wp-elements-7ae179fc3a2a670fbc14b807c32e099a\" style=\"color:#154f86;font-size:clamp(14px, 0.875rem + ((1vw - 3.2px) * 0.227), 16px);\"><strong>Thierry All\u00e9on<\/strong><br>Pr\u00e9sident<\/h6>\n\n\n\n<p class=\"has-text-align-center has-text-color has-inter-font-family\" style=\"color:#28467f;font-size:14px;line-height:1.8\">Dipl\u00f4m\u00e9 d\u2019un DUT en G\u00e9nie Civil, option G\u00e9nie Climatique, Thierry a rejoint l\u2019entreprise GRENAT en 2009 en tant que charg\u00e9 d\u2019affaires. Fort de son engagement et de son expertise, il s\u2019associe en 2013 pour reprendre MDL GRENAT aux c\u00f4t\u00e9s de ses collaborateurs actuels.<\/p>\n\n\n\n<p class=\"has-text-align-center has-text-color has-inter-font-family\" style=\"color:#28467f;font-size:14px;line-height:1.8\">Professionnel rigoureux et passionn\u00e9, Thierry met \u00e0 profit plus de dix ans d\u2019exp\u00e9rience dans le domaine pour accompagner chaque projet avec pr\u00e9cision, savoir-faire et exigence.<\/p>\n<\/div>\n\n\n\n<div class=\"wp-block-column is-layout-flow wp-container-core-column-is-layout-3ca914a4 wp-block-column-is-layout-flow\">\n<figure class=\"wp-block-image aligncenter size-full is-resized is-style-rounded\"><img loading=\"lazy\" decoding=\"async\" width=\"400\" height=\"400\" src=\"https:\/\/ets-grenat.com\/wp-content\/uploads\/2025\/11\/Fre\u0301de\u0301ric.png\" alt=\"\" class=\"wp-image-564\" style=\"width:140px\"\/><\/figure>\n\n\n\n<h6 class=\"wp-block-heading has-text-align-center has-text-color has-link-color has-system-font-font-family wp-elements-0d767cc0a49be0169b216b77f4b0ab07\" style=\"color:#154f86;font-size:clamp(14px, 0.875rem + ((1vw - 3.2px) * 0.227), 16px);\"><strong>Fr\u00e9d\u00e9ric Duffaud<br><\/strong>Directeur G\u00e9n\u00e9ral<\/h6>\n\n\n\n<p class=\"has-text-align-center has-text-color has-inter-font-family\" style=\"color:#28467f;font-size:14px;line-height:1.8\">Fr\u00e9d\u00e9ric, c\u2019est l\u2019histoire d\u2019une ascension construite pas \u00e0 pas au sein m\u00eame de l\u2019entreprise GRENAT.<\/p>\n\n\n\n<p class=\"has-text-align-center has-text-color has-inter-font-family\" style=\"color:#28467f;font-size:14px;line-height:1.8\">Il int\u00e8gre la soci\u00e9t\u00e9 \u00e0 16 ans en tant qu\u2019apprenti et y apprend son m\u00e9tier. Tout en poursuivant sa formation, il obtient avec brio ses dipl\u00f4mes de plomberie en alternance, puis \u00e9volue progressivement au sein de l\u2019entreprise. Gr\u00e2ce \u00e0 son implication et \u00e0 sa ma\u00eetrise du terrain, il rejoint naturellement l\u2019\u00e9quipe dirigeante quelques ann\u00e9es plus tard.<\/p>\n<\/div>\n\n\n\n<div class=\"wp-block-column is-layout-flow wp-container-core-column-is-layout-3ca914a4 wp-block-column-is-layout-flow\">\n<figure class=\"wp-block-image aligncenter size-full is-resized is-style-rounded\"><img loading=\"lazy\" decoding=\"async\" width=\"400\" height=\"400\" src=\"https:\/\/ets-grenat.com\/wp-content\/uploads\/2025\/11\/Benjamin.png\" alt=\"\" class=\"wp-image-563\" style=\"width:140px\"\/><\/figure>\n\n\n\n<h6 class=\"wp-block-heading has-text-align-center has-text-color has-link-color has-system-font-font-family wp-elements-94e9f21103dc230b993654cbccf4a963\" style=\"color:#154f86;font-size:clamp(14px, 0.875rem + ((1vw - 3.2px) * 0.227), 16px);\"><strong>Benjamin Mondon<br><\/strong>Directeur G\u00e9n\u00e9ral<\/h6>\n\n\n\n<p class=\"has-text-align-center has-text-color has-inter-font-family\" style=\"color:#28467f;font-size:14px;line-height:1.8\">Benjamin rejoint l\u2019entreprise GRENAT en 2006 en tant que magasinier. Tr\u00e8s vite, il se distingue et devient responsable du secteur sanitaires en 2009.<\/p>\n\n\n\n<p class=\"has-text-align-center has-text-color has-inter-font-family\" style=\"color:#28467f;font-size:14px;line-height:1.8\">Acteur cl\u00e9 du d\u00e9veloppement de l\u2019activit\u00e9, il s\u2019investit pleinement dans la vie de l\u2019entreprise. En 2013, il s\u2019associe pour reprendre GRENAT aux c\u00f4t\u00e9s de ses deux collaborateurs, avec la volont\u00e9 de poursuivre et faire grandir cette belle aventure.<\/p>\n<\/div>\n<\/div>\n<\/div>\n\n\n\n<div class=\"wp-block-cover alignfull is-light has-custom-color-2-color has-text-color\" style=\"margin-top:0;margin-bottom:0;padding-top:120px;padding-right:20px;padding-bottom:120px;padding-left:20px;min-height:50px;aspect-ratio:unset;\"><img loading=\"lazy\" decoding=\"async\" width=\"1280\" height=\"1920\" class=\"wp-block-cover__image-background wp-image-104\" alt=\"\" src=\"https:\/\/ets-grenat.com\/wp-content\/uploads\/2025\/04\/bathroom-8323836_1920.jpg\" style=\"object-position:51% 37%\" data-object-fit=\"cover\" data-object-position=\"51% 37%\"\/><span aria-hidden=\"true\" class=\"wp-block-cover__background has-white-background-color has-background-dim-80 has-background-dim\"><\/span><div class=\"wp-block-cover__inner-container has-global-padding is-layout-constrained wp-container-core-cover-is-layout-619827bf wp-block-cover-is-layout-constrained\">\n<h2 class=\"wp-block-heading has-text-align-center has-text-color\" style=\"color:#154f86;font-size:clamp(24.034px, 1.502rem + ((1vw - 3.2px) * 1.814), 40px);font-style:normal;font-weight:400;letter-spacing:-2px;line-height:1.2\">Une demande sp\u00e9cifique ?<\/h2>\n\n\n\n<p class=\"has-text-align-center has-text-color\" style=\"color:#154f86;margin-bottom:2.5rem;font-size:clamp(14px, 0.875rem + ((1vw - 3.2px) * 0.341), 17px);font-style:normal;font-weight:400;line-height:1.9\">Contactez-nous, l\u2019\u00e9quipe ETS GRENAT se fera un plaisir de vous r\u00e9pondre et de vous accompagner.<\/p>\n\n\n\n<div class=\"wp-block-buttons is-content-justification-center is-layout-flex wp-container-core-buttons-is-layout-a89b3969 wp-block-buttons-is-layout-flex\">\n<div class=\"wp-block-button\"><a class=\"wp-block-button__link has-text-color has-background has-custom-font-size wp-element-button\" href=\"https:\/\/ets-grenat.com\/index.php\/contact\/\" style=\"border-width:1px;color:#ffffff;background-color:#f59918;padding-top:17px;padding-right:40px;padding-bottom:17px;padding-left:40px;font-size:clamp(14px, 0.875rem + ((1vw - 3.2px) * 0.227), 16px);line-height:1\" target=\"_blank\" rel=\"noreferrer noopener\">Nous contacter<\/a><\/div>\n<\/div>\n<\/div><\/div>\n","protected":false},"excerpt":{"rendered":"<p>Depuis sa cr\u00e9ation, l\u2019entreprise ETS GRENAT s\u2019est impos\u00e9e comme un acteur polyvalent et reconnu dans le domaine de l\u2019installation, du d\u00e9pannage et de la maintenance, aussi bien sur de grands chantiers que chez les particuliers. Port\u00e9e par une vision r\u00e9solument tourn\u00e9e vers le d\u00e9veloppement et la proximit\u00e9, l\u2019entreprise cultive un esprit familial, o\u00f9 la coh\u00e9sion [&hellip;]<\/p>\n","protected":false},"author":2,"featured_media":0,"parent":0,"menu_order":2,"comment_status":"closed","ping_status":"closed","template":"","meta":{"footnotes":""},"class_list":["post-10","page","type-page","status-publish","hentry"],"_links":{"self":[{"href":"https:\/\/ets-grenat.com\/index.php\/wp-json\/wp\/v2\/pages\/10","targetHints":{"allow":["GET"]}}],"collection":[{"href":"https:\/\/ets-grenat.com\/index.php\/wp-json\/wp\/v2\/pages"}],"about":[{"href":"https:\/\/ets-grenat.com\/index.php\/wp-json\/wp\/v2\/types\/page"}],"author":[{"embeddable":true,"href":"https:\/\/ets-grenat.com\/index.php\/wp-json\/wp\/v2\/users\/2"}],"replies":[{"embeddable":true,"href":"https:\/\/ets-grenat.com\/index.php\/wp-json\/wp\/v2\/comments?post=10"}],"version-history":[{"count":23,"href":"https:\/\/ets-grenat.com\/index.php\/wp-json\/wp\/v2\/pages\/10\/revisions"}],"predecessor-version":[{"id":566,"href":"https:\/\/ets-grenat.com\/index.php\/wp-json\/wp\/v2\/pages\/10\/revisions\/566"}],"wp:attachment":[{"href":"https:\/\/ets-grenat.com\/index.php\/wp-json\/wp\/v2\/media?parent=10"}],"curies":[{"name":"wp","href":"https:\/\/api.w.org\/{rel}","templated":true}]}}